{"id":1209,"date":"2022-11-17T09:51:04","date_gmt":"2022-11-17T12:51:04","guid":{"rendered":"https:\/\/wordpress.solutions.inf.br\/?page_id=1209"},"modified":"2024-03-27T11:10:50","modified_gmt":"2024-03-27T14:10:50","slug":"historia-da-religiao","status":"publish","type":"page","link":"https:\/\/wordpress.solutions.inf.br\/?page_id=1209","title":{"rendered":"NOSSA RELIGI\u00c3O"},"content":{"rendered":"\t\t<div data-elementor-type=\"wp-page\" data-elementor-id=\"1209\" class=\"elementor elementor-1209\">\n\t\t\t\t\t\t<section class=\"elementor-section elementor-top-section elementor-element elementor-element-67adc01 elementor-section-boxed elementor-section-height-default elementor-section-height-default\" data-id=\"67adc01\" data-element_type=\"section\">\n\t\t\t\t\t\t<div class=\"elementor-container elementor-column-gap-default\">\n\t\t\t\t\t<div class=\"elementor-column elementor-col-100 elementor-top-column elementor-element elementor-element-f3363c1\" data-id=\"f3363c1\" data-element_type=\"column\">\n\t\t\t<div class=\"elementor-widget-wrap elementor-element-populated\">\n\t\t\t\t\t\t<div class=\"elementor-element elementor-element-a5649b9 elementor-widget elementor-widget-heading\" data-id=\"a5649b9\" data-element_type=\"widget\" data-widget_type=\"heading.default\">\n\t\t\t\t<div class=\"elementor-widget-container\">\n\t\t\t\t\t<h2 class=\"elementor-heading-title elementor-size-default\">NOSSA RELIGI\u00c3O<\/h2>\t\t\t\t<\/div>\n\t\t\t\t<\/div>\n\t\t\t\t<section class=\"elementor-section elementor-inner-section elementor-element elementor-element-960e2f5 elementor-section-boxed elementor-section-height-default elementor-section-height-default\" data-id=\"960e2f5\" data-element_type=\"section\" data-settings=\"{&quot;shape_divider_top&quot;:&quot;mountains&quot;}\">\n\t\t\t\t\t<div class=\"elementor-shape elementor-shape-top\" data-negative=\"false\">\n\t\t\t<svg xmlns=\"http:\/\/www.w3.org\/2000\/svg\" viewBox=\"0 0 1000 100\" preserveAspectRatio=\"none\">\n\t<path class=\"elementor-shape-fill\" opacity=\"0.33\" d=\"M473,67.3c-203.9,88.3-263.1-34-320.3,0C66,119.1,0,59.7,0,59.7V0h1000v59.7 c0,0-62.1,26.1-94.9,29.3c-32.8,3.3-62.8-12.3-75.8-22.1C806,49.6,745.3,8.7,694.9,4.7S492.4,59,473,67.3z\"\/>\n\t<path class=\"elementor-shape-fill\" opacity=\"0.66\" d=\"M734,67.3c-45.5,0-77.2-23.2-129.1-39.1c-28.6-8.7-150.3-10.1-254,39.1 s-91.7-34.4-149.2,0C115.7,118.3,0,39.8,0,39.8V0h1000v36.5c0,0-28.2-18.5-92.1-18.5C810.2,18.1,775.7,67.3,734,67.3z\"\/>\n\t<path class=\"elementor-shape-fill\" d=\"M766.1,28.9c-200-57.5-266,65.5-395.1,19.5C242,1.8,242,5.4,184.8,20.6C128,35.8,132.3,44.9,89.9,52.5C28.6,63.7,0,0,0,0 h1000c0,0-9.9,40.9-83.6,48.1S829.6,47,766.1,28.9z\"\/>\n<\/svg>\t\t<\/div>\n\t\t\t\t\t<div class=\"elementor-container elementor-column-gap-default\">\n\t\t\t\t\t<div class=\"elementor-column elementor-col-50 elementor-inner-column elementor-element elementor-element-da19295\" data-id=\"da19295\" data-element_type=\"column\">\n\t\t\t<div class=\"elementor-widget-wrap elementor-element-populated\">\n\t\t\t\t\t\t<div class=\"elementor-element elementor-element-6bff41e elementor-arrows-position-outside elementor-widget elementor-widget-image-carousel\" data-id=\"6bff41e\" data-element_type=\"widget\" data-settings=\"{&quot;slides_to_show&quot;:&quot;1&quot;,&quot;navigation&quot;:&quot;arrows&quot;,&quot;autoplay&quot;:&quot;yes&quot;,&quot;pause_on_hover&quot;:&quot;yes&quot;,&quot;pause_on_interaction&quot;:&quot;yes&quot;,&quot;autoplay_speed&quot;:5000,&quot;infinite&quot;:&quot;yes&quot;,&quot;effect&quot;:&quot;slide&quot;,&quot;speed&quot;:500}\" data-widget_type=\"image-carousel.default\">\n\t\t\t\t<div class=\"elementor-widget-container\">\n\t\t\t\t\t\t\t<div class=\"elementor-image-carousel-wrapper swiper\" role=\"region\" aria-roledescription=\"carousel\" aria-label=\"Carrossel de imagens\" dir=\"ltr\">\n\t\t\t<div class=\"elementor-image-carousel swiper-wrapper swiper-image-stretch\" aria-live=\"off\">\n\t\t\t\t\t\t\t\t<div class=\"swiper-slide\" role=\"group\" aria-roledescription=\"slide\" aria-label=\"1 de 3\"><figure class=\"swiper-slide-inner\"><img decoding=\"async\" class=\"swiper-slide-image\" src=\"https:\/\/wordpress.solutions.inf.br\/wp-content\/uploads\/2024\/03\/nossa_religiao_2.png\" alt=\"nossa_religiao_2\" \/><\/figure><\/div><div class=\"swiper-slide\" role=\"group\" aria-roledescription=\"slide\" aria-label=\"2 de 3\"><figure class=\"swiper-slide-inner\"><img decoding=\"async\" class=\"swiper-slide-image\" src=\"https:\/\/wordpress.solutions.inf.br\/wp-content\/uploads\/2024\/03\/nossa_religiao_1.png\" alt=\"nossa_religiao_1\" \/><\/figure><\/div><div class=\"swiper-slide\" role=\"group\" aria-roledescription=\"slide\" aria-label=\"3 de 3\"><figure class=\"swiper-slide-inner\"><img decoding=\"async\" class=\"swiper-slide-image\" src=\"https:\/\/wordpress.solutions.inf.br\/wp-content\/uploads\/2024\/03\/nossa_religiao_3.png\" alt=\"nossa_religiao_3\" \/><\/figure><\/div>\t\t\t<\/div>\n\t\t\t\t\t\t\t\t\t\t\t\t<div class=\"elementor-swiper-button elementor-swiper-button-prev\" role=\"button\" tabindex=\"0\">\n\t\t\t\t\t\t<i aria-hidden=\"true\" class=\"eicon-chevron-left\"><\/i>\t\t\t\t\t<\/div>\n\t\t\t\t\t<div class=\"elementor-swiper-button elementor-swiper-button-next\" role=\"button\" tabindex=\"0\">\n\t\t\t\t\t\t<i aria-hidden=\"true\" class=\"eicon-chevron-right\"><\/i>\t\t\t\t\t<\/div>\n\t\t\t\t\n\t\t\t\t\t\t\t\t\t<\/div>\n\t\t\t\t\t\t<\/div>\n\t\t\t\t<\/div>\n\t\t\t\t\t<\/div>\n\t\t<\/div>\n\t\t\t\t<div class=\"elementor-column elementor-col-50 elementor-inner-column elementor-element elementor-element-9694b13\" data-id=\"9694b13\" data-element_type=\"column\">\n\t\t\t<div class=\"elementor-widget-wrap elementor-element-populated\">\n\t\t\t\t\t\t<div class=\"elementor-element elementor-element-a5adbb9 elementor-invisible elementor-widget elementor-widget-text-editor\" data-id=\"a5adbb9\" data-element_type=\"widget\" data-settings=\"{&quot;_animation&quot;:&quot;fadeInRight&quot;}\" data-widget_type=\"text-editor.default\">\n\t\t\t\t<div class=\"elementor-widget-container\">\n\t\t\t\t\t\t\t\t\t<p>Ver e sentir a beleza na dan\u00e7a, no som dos atabaques, nas guias coloridas que adornam e protegem nossos corpos, no canto, na voz, no ax\u00e9 e na energia divina constru\u00edda e mantida nos rituais sagrados, herdados dos irm\u00e3os africanos.<\/p>\t\t\t\t\t\t\t\t<\/div>\n\t\t\t\t<\/div>\n\t\t\t\t\t<\/div>\n\t\t<\/div>\n\t\t\t\t\t<\/div>\n\t\t<\/section>\n\t\t\t\t\t<\/div>\n\t\t<\/div>\n\t\t\t\t\t<\/div>\n\t\t<\/section>\n\t\t\t\t<section class=\"elementor-section elementor-top-section elementor-element elementor-element-07916ae elementor-section-boxed elementor-section-height-default elementor-section-height-default\" data-id=\"07916ae\" data-element_type=\"section\">\n\t\t\t\t\t\t<div class=\"elementor-container elementor-column-gap-default\">\n\t\t\t\t\t<div class=\"elementor-column elementor-col-100 elementor-top-column elementor-element elementor-element-3591d24\" data-id=\"3591d24\" data-element_type=\"column\" data-settings=\"{&quot;background_background&quot;:&quot;classic&quot;}\">\n\t\t\t<div class=\"elementor-widget-wrap elementor-element-populated\">\n\t\t\t\t\t\t<div class=\"elementor-element elementor-element-38ecbe7 elementor-widget elementor-widget-heading\" data-id=\"38ecbe7\" data-element_type=\"widget\" data-widget_type=\"heading.default\">\n\t\t\t\t<div class=\"elementor-widget-container\">\n\t\t\t\t\t<h2 class=\"elementor-heading-title elementor-size-default\">BREVE HIST\u00d3RICO<\/h2>\t\t\t\t<\/div>\n\t\t\t\t<\/div>\n\t\t\t\t<section class=\"elementor-section elementor-inner-section elementor-element elementor-element-ed3f429 elementor-section-boxed elementor-section-height-default elementor-section-height-default\" data-id=\"ed3f429\" data-element_type=\"section\">\n\t\t\t\t\t\t<div class=\"elementor-container elementor-column-gap-default\">\n\t\t\t\t\t<div class=\"elementor-column elementor-col-100 elementor-inner-column elementor-element elementor-element-07da435\" data-id=\"07da435\" data-element_type=\"column\">\n\t\t\t<div class=\"elementor-widget-wrap elementor-element-populated\">\n\t\t\t\t\t\t<div class=\"elementor-element elementor-element-fcfd75a elementor-widget elementor-widget-image\" data-id=\"fcfd75a\" data-element_type=\"widget\" data-widget_type=\"image.default\">\n\t\t\t\t<div class=\"elementor-widget-container\">\n\t\t\t\t\t\t\t\t\t\t\t\t\t\t\t<img fetchpriority=\"high\" decoding=\"async\" width=\"549\" height=\"377\" src=\"https:\/\/wordpress.solutions.inf.br\/wp-content\/uploads\/2024\/03\/breve_historico.png\" class=\"attachment-large size-large wp-image-5080\" alt=\"\" \/>\t\t\t\t\t\t\t\t\t\t\t\t\t\t\t<\/div>\n\t\t\t\t<\/div>\n\t\t\t\t\t<\/div>\n\t\t<\/div>\n\t\t\t\t\t<\/div>\n\t\t<\/section>\n\t\t\t\t<div class=\"elementor-element elementor-element-c3685e4 elementor-widget elementor-widget-text-editor\" data-id=\"c3685e4\" data-element_type=\"widget\" data-widget_type=\"text-editor.default\">\n\t\t\t\t<div class=\"elementor-widget-container\">\n\t\t\t\t\t\t\t\t\t<p>Nossa religi\u00e3o, hoje denominada <em>afro-brasileira<\/em>, \u00e9 uma rica express\u00e3o religiosa que se desenvolveu no Brasil a partir da fus\u00e3o das cren\u00e7as, rituais e tradi\u00e7\u00f5es trazidos pelos africanos durante o per\u00edodo da escravid\u00e3o, combinados com influ\u00eancias ind\u00edgenas e europeias. <br \/>A hist\u00f3ria dessa religi\u00e3o remonta ao per\u00edodo em que milh\u00f5es de africanos que foram trazidos para o Brasil como escravos, principalmente entre os s\u00e9culos XVI e XIX. Eles trouxeram consigo suas cren\u00e7as e pr\u00e1ticas religiosas, que foram adaptadas e preservadas no novo contexto em que for\u00e7osamente foram inseridos.<br \/>Obrigados a abandonar suas religi\u00f5es tradicionais e adotar o catolicismo imposto pelos colonizadores portugueses, eles encontraram maneiras de preservar suas cren\u00e7as originais ao sincroniz\u00e1-las com elementos do catolicismo, uma pr\u00e1tica conhecida como <em>sincretismo religioso<\/em>. Isso permitiu que eles continuassem a cultuar seus Orix\u00e1s (divindades africanas) sob a apar\u00eancia de santos cat\u00f3licos. Assim, a religi\u00e3o afro-brasileira se desenvolveu como uma fus\u00e3o sincr\u00e9tica entre as tradi\u00e7\u00f5es africanas e o catolicismo.<br \/>Apesar de enfrentar forte discrimina\u00e7\u00e3o ao longo dos anos, ela se fortaleceu e se expandiu. Reconhecida atualmente como um importante componente da identidade cultural brasileira, a pr\u00e1tica tem se popularizado, trazendo consigo a valoriza\u00e7\u00e3o da diversidade religiosa e contribuindo para a forma\u00e7\u00e3o de uma sociedade mais plural e inclusiva.<br \/>\u00c9 importante destacar que nossa religi\u00e3o n\u00e3o \u00e9 homog\u00eanea e apresenta varia\u00e7\u00f5es regionais, bem como diferentes formas de organiza\u00e7\u00e3o e pr\u00e1ticas rituais. No entanto, todas compartilham a valoriza\u00e7\u00e3o dos ancestrais, a conex\u00e3o com a natureza, a busca pela harmonia e a cren\u00e7a na presen\u00e7a e influ\u00eancia dos Orix\u00e1s e todas outras entidades espirituais.<\/p>\t\t\t\t\t\t\t\t<\/div>\n\t\t\t\t<\/div>\n\t\t\t\t\t<\/div>\n\t\t<\/div>\n\t\t\t\t\t<\/div>\n\t\t<\/section>\n\t\t\t\t<\/div>\n\t\t","protected":false},"excerpt":{"rendered":"<p>NOSSA RELIGI\u00c3O Ver e sentir a beleza na dan\u00e7a, no som dos atabaques, nas guias coloridas que adornam e protegem nossos corpos, no canto, na voz, no ax\u00e9 e na energia divina constru\u00edda e mantida nos rituais sagrados, herdados dos irm\u00e3os africanos. BREVE HIST\u00d3RICO Nossa religi\u00e3o, hoje denominada afro-brasileira, \u00e9 uma rica express\u00e3o religiosa que [&hellip;]<\/p>\n","protected":false},"author":1,"featured_media":0,"parent":0,"menu_order":0,"comment_status":"closed","ping_status":"closed","template":"","meta":{"footnotes":""},"class_list":["post-1209","page","type-page","status-publish","hentry"],"_links":{"self":[{"href":"https:\/\/wordpress.solutions.inf.br\/index.php?rest_route=\/wp\/v2\/pages\/1209","targetHints":{"allow":["GET"]}}],"collection":[{"href":"https:\/\/wordpress.solutions.inf.br\/index.php?rest_route=\/wp\/v2\/pages"}],"about":[{"href":"https:\/\/wordpress.solutions.inf.br\/index.php?rest_route=\/wp\/v2\/types\/page"}],"author":[{"embeddable":true,"href":"https:\/\/wordpress.solutions.inf.br\/index.php?rest_route=\/wp\/v2\/users\/1"}],"replies":[{"embeddable":true,"href":"https:\/\/wordpress.solutions.inf.br\/index.php?rest_route=%2Fwp%2Fv2%2Fcomments&post=1209"}],"version-history":[{"count":71,"href":"https:\/\/wordpress.solutions.inf.br\/index.php?rest_route=\/wp\/v2\/pages\/1209\/revisions"}],"predecessor-version":[{"id":5083,"href":"https:\/\/wordpress.solutions.inf.br\/index.php?rest_route=\/wp\/v2\/pages\/1209\/revisions\/5083"}],"wp:attachment":[{"href":"https:\/\/wordpress.solutions.inf.br\/index.php?rest_route=%2Fwp%2Fv2%2Fmedia&parent=1209"}],"curies":[{"name":"wp","href":"https:\/\/api.w.org\/{rel}","templated":true}]}}