{"id":2020,"date":"2022-12-30T07:21:33","date_gmt":"2022-12-30T10:21:33","guid":{"rendered":"https:\/\/wordpress.solutions.inf.br\/?page_id=2020"},"modified":"2023-05-24T08:54:14","modified_gmt":"2023-05-24T11:54:14","slug":"giras","status":"publish","type":"page","link":"https:\/\/wordpress.solutions.inf.br\/?page_id=2020","title":{"rendered":"GIRAS"},"content":{"rendered":"\t\t<div data-elementor-type=\"wp-page\" data-elementor-id=\"2020\" class=\"elementor elementor-2020\">\n\t\t\t\t\t\t<section class=\"elementor-section elementor-top-section elementor-element elementor-element-72661b38 elementor-section-boxed elementor-section-height-default elementor-section-height-default\" data-id=\"72661b38\" data-element_type=\"section\">\n\t\t\t\t\t\t<div class=\"elementor-container elementor-column-gap-default\">\n\t\t\t\t\t<div class=\"elementor-column elementor-col-100 elementor-top-column elementor-element elementor-element-37a77bb3\" data-id=\"37a77bb3\" data-element_type=\"column\" data-settings=\"{&quot;background_background&quot;:&quot;classic&quot;}\">\n\t\t\t<div class=\"elementor-widget-wrap elementor-element-populated\">\n\t\t\t\t\t\t<div class=\"elementor-element elementor-element-71e6a608 elementor-widget elementor-widget-heading\" data-id=\"71e6a608\" data-element_type=\"widget\" data-widget_type=\"heading.default\">\n\t\t\t\t<div class=\"elementor-widget-container\">\n\t\t\t\t\t<h2 class=\"elementor-heading-title elementor-size-default\">GIRA<\/h2>\t\t\t\t<\/div>\n\t\t\t\t<\/div>\n\t\t\t\t<div class=\"elementor-element elementor-element-341effce elementor-widget elementor-widget-text-editor\" data-id=\"341effce\" data-element_type=\"widget\" data-widget_type=\"text-editor.default\">\n\t\t\t\t<div class=\"elementor-widget-container\">\n\t\t\t\t\t\t\t\t\t<p>Palavra em quimbundo <em>nijra,\u00a0<\/em>que significa \u201ccaminho\u201d, \u201crota\u201d ou \u201cvia\u201d. Culto ritual\u00edstico que\u00a0 permite nos conectar com nossas entidades.<\/p>\t\t\t\t\t\t\t\t<\/div>\n\t\t\t\t<\/div>\n\t\t\t\t<section class=\"elementor-section elementor-inner-section elementor-element elementor-element-dba10d6 elementor-section-boxed elementor-section-height-default elementor-section-height-default\" data-id=\"dba10d6\" data-element_type=\"section\">\n\t\t\t\t\t\t<div class=\"elementor-container elementor-column-gap-default\">\n\t\t\t\t\t<div class=\"elementor-column elementor-col-50 elementor-inner-column elementor-element elementor-element-26822f9b\" data-id=\"26822f9b\" data-element_type=\"column\">\n\t\t\t<div class=\"elementor-widget-wrap elementor-element-populated\">\n\t\t\t\t\t\t<div class=\"elementor-element elementor-element-68dcf632 elementor-widget elementor-widget-image\" data-id=\"68dcf632\" data-element_type=\"widget\" data-widget_type=\"image.default\">\n\t\t\t\t<div class=\"elementor-widget-container\">\n\t\t\t\t\t\t\t\t\t\t\t\t\t\t\t<img fetchpriority=\"high\" decoding=\"async\" width=\"515\" height=\"309\" src=\"https:\/\/wordpress.solutions.inf.br\/wp-content\/uploads\/2022\/11\/gira.png\" class=\"attachment-large size-large wp-image-1358\" alt=\"\" \/>\t\t\t\t\t\t\t\t\t\t\t\t\t\t\t<\/div>\n\t\t\t\t<\/div>\n\t\t\t\t\t<\/div>\n\t\t<\/div>\n\t\t\t\t<div class=\"elementor-column elementor-col-50 elementor-inner-column elementor-element elementor-element-18962559\" data-id=\"18962559\" data-element_type=\"column\">\n\t\t\t<div class=\"elementor-widget-wrap elementor-element-populated\">\n\t\t\t\t\t\t<div class=\"elementor-element elementor-element-673ddd38 elementor-widget elementor-widget-heading\" data-id=\"673ddd38\" data-element_type=\"widget\" data-widget_type=\"heading.default\">\n\t\t\t\t<div class=\"elementor-widget-container\">\n\t\t\t\t\t<h2 class=\"elementor-heading-title elementor-size-default\">GIRA PADR\u00c3O<\/h2>\t\t\t\t<\/div>\n\t\t\t\t<\/div>\n\t\t\t\t<div class=\"elementor-element elementor-element-3fa4f6ba elementor-widget elementor-widget-text-editor\" data-id=\"3fa4f6ba\" data-element_type=\"widget\" data-widget_type=\"text-editor.default\">\n\t\t\t\t<div class=\"elementor-widget-container\">\n\t\t\t\t\t\t\t\t\t<p>Evento lit\u00fargico que\u00a0 acontece semanalmente para atender a comunidade em geral. Cada gira contempla uma linha de entidades da casa (p.ex.: Preto Velho, Caboclo, Ex\u00fa e assim sucessivamente.).<\/p>\t\t\t\t\t\t\t\t<\/div>\n\t\t\t\t<\/div>\n\t\t\t\t<div class=\"elementor-element elementor-element-40601967 elementor-widget elementor-widget-heading\" data-id=\"40601967\" data-element_type=\"widget\" data-widget_type=\"heading.default\">\n\t\t\t\t<div class=\"elementor-widget-container\">\n\t\t\t\t\t<h2 class=\"elementor-heading-title elementor-size-default\">GIRA FESTIVA<\/h2>\t\t\t\t<\/div>\n\t\t\t\t<\/div>\n\t\t\t\t<div class=\"elementor-element elementor-element-3592a0e elementor-widget elementor-widget-text-editor\" data-id=\"3592a0e\" data-element_type=\"widget\" data-widget_type=\"text-editor.default\">\n\t\t\t\t<div class=\"elementor-widget-container\">\n\t\t\t\t\t\t\t\t\t<p>S\u00e3o giras para celebrar datas espec\u00edficas no calend\u00e1rio lit\u00fargico da casa. Nelas compartilhamos com nossas entidades e a comunidade, a alegria de mais um dia de especial relev\u00e2ncia para nossa comunidade<\/p>\t\t\t\t\t\t\t\t<\/div>\n\t\t\t\t<\/div>\n\t\t\t\t<div class=\"elementor-element elementor-element-37f0e18e elementor-align-center elementor-widget__width-inherit elementor-widget elementor-widget-button\" data-id=\"37f0e18e\" data-element_type=\"widget\" data-widget_type=\"button.default\">\n\t\t\t\t<div class=\"elementor-widget-container\">\n\t\t\t\t\t\t\t\t\t<div class=\"elementor-button-wrapper\">\n\t\t\t\t\t<a class=\"elementor-button elementor-button-link elementor-size-xs\" href=\"https:\/\/wordpress.solutions.inf.br\/?page_id=2976\">\n\t\t\t\t\t\t<span class=\"elementor-button-content-wrapper\">\n\t\t\t\t\t\t\t\t\t<span class=\"elementor-button-text\">PR\u00d3XIMAS GIRAS<\/span>\n\t\t\t\t\t<\/span>\n\t\t\t\t\t<\/a>\n\t\t\t\t<\/div>\n\t\t\t\t\t\t\t\t<\/div>\n\t\t\t\t<\/div>\n\t\t\t\t\t<\/div>\n\t\t<\/div>\n\t\t\t\t\t<\/div>\n\t\t<\/section>\n\t\t\t\t\t<\/div>\n\t\t<\/div>\n\t\t\t\t\t<\/div>\n\t\t<\/section>\n\t\t\t\t<section class=\"elementor-section elementor-top-section elementor-element elementor-element-e126abd elementor-section-boxed elementor-section-height-default elementor-section-height-default\" data-id=\"e126abd\" data-element_type=\"section\">\n\t\t\t\t\t\t<div class=\"elementor-container elementor-column-gap-default\">\n\t\t\t\t\t<div class=\"elementor-column elementor-col-100 elementor-top-column elementor-element elementor-element-d5c8f4c\" data-id=\"d5c8f4c\" data-element_type=\"column\">\n\t\t\t<div class=\"elementor-widget-wrap elementor-element-populated\">\n\t\t\t\t\t\t<div class=\"elementor-element elementor-element-6336f812 elementor-widget elementor-widget-heading\" data-id=\"6336f812\" data-element_type=\"widget\" data-widget_type=\"heading.default\">\n\t\t\t\t<div class=\"elementor-widget-container\">\n\t\t\t\t\t<h2 class=\"elementor-heading-title elementor-size-default\">RITO DE UMA GIRA<\/h2>\t\t\t\t<\/div>\n\t\t\t\t<\/div>\n\t\t\t\t<div class=\"elementor-element elementor-element-4910c690 elementor-widget elementor-widget-text-editor\" data-id=\"4910c690\" data-element_type=\"widget\" data-widget_type=\"text-editor.default\">\n\t\t\t\t<div class=\"elementor-widget-container\">\n\t\t\t\t\t\t\t\t\t<p>A gira \u00e9 um evento recorrente na nossa casa. As portas s\u00e3o abertas para o p\u00fablico em geral, que comparece para receber orienta\u00e7\u00f5es dos guias espirituais.<\/p><p>\u00c9 um acontecimento solene cuja cerim\u00f4nia segue uma ordem cronol\u00f3gica formal de rituais que variam conforme a circunst\u00e2ncia que a mesma est\u00e1 acontecendo. Vamos aqui detalhar os rituais de uma gira ordin\u00e1ria que acontece semanalmente em nossa casa.<\/p><p><strong>Prele\u00e7\u00e3o<\/strong><\/p><p>\u00c9 uma conversa descontra\u00edda do sacerdote ou um membro por ele indicado, que de forma geral, informa como \u00e9 o processo dentro da casa neste espec\u00edfico dia, orientando todos a forma de proceder e como os atendimentos ser\u00e3o direcionados.<\/p><p><strong>Defuma\u00e7\u00e3o<\/strong><\/p><p>\u00c9 o processo de queima de ervas colhidas, preparadas e devidamente aben\u00e7oadas por membro com permiss\u00f5es para este ato. A fuma\u00e7a oriunda desta queima harmoniza o ambiente, limpando-o de energias negativas, facilitando a conex\u00e3o com o sagrado. Normalmente este ritual \u00e9 acompanhado por cantigas espec\u00edficas (pontos) executadas pelos Og\u00e3ns e acompanhados pelos demais (inclusive pela assist\u00eancia) com os toques de atabaques tamb\u00e9m executados pelos Og\u00e3ns cujo ritmo varia conforme a circunst\u00e2ncia e os c\u00e2nticos entoados.<\/p><p><strong>Prece invocat\u00f3ria<\/strong><\/p><p>\u00c9 uma prece, normalmente feita pelo sacerdote ou, na sua falta ou conveni\u00eancia, pode ser conduzida por membro preparado para tal.<\/p><p>O objetivo desta prece \u00e9 abrir os trabalhos onde os guias s\u00e3o invocados para estarem presentes no gira atrav\u00e9s dos m\u00e9diuns presentes e preparados para tal evento.<\/p><p><strong>Gira<\/strong><\/p><p>\u00c9 o momento que os m\u00e9diuns seguindo orienta\u00e7\u00e3o do sacerdote, ou membro preparado para tal indicado por ele, formam um c\u00edrculo e iniciam o ritual de dan\u00e7a e gira.<\/p><p>Este ritual \u00e9 seguido com c\u00e2nticos espec\u00edficos (pontos) executadas pelos Og\u00e3s e acompanhados pelos demais (inclusive pela assist\u00eancia) com os toques de atabaques tamb\u00e9m executados pelos Og\u00e3s cujo ritmo varia conforme a circunst\u00e2ncia e os c\u00e2nticos entoados.<\/p><p><strong>Incorpora\u00e7\u00e3o<\/strong><\/p><p>\u00c9 a sequ\u00eancia natural da gira. Este momento acontece quando o processo da gira ocorre de forma adequada em sincronia com as vibra\u00e7\u00f5es emanadas pelos atabaques acompanhadas dos c\u00e2nticos.<\/p><p>Neste momento ocorre a liga\u00e7\u00e3o dos m\u00e9diuns com suas entidades que, atrav\u00e9s deles, se fazem presentes no terreiro para prestar ajuda espiritual a todos que a eles procurarem.<\/p><p><strong>Atendimento aos consulentes<\/strong><\/p><p>Depois de todos preparativos feitos por cada entidade, o respons\u00e1vel pela gira inicia o processo de encaminhamento das pessoas para atendimento pelas entidades.<\/p><p>Neste atendimento, cada entidade \u00e9 auxiliada por um membro preparado para tal (Cambone), onde o mesmo ajuda o consulente a entender no que lhe for passado.<\/p><p><strong>Desincorpora\u00e7\u00e3o<\/strong><\/p><p>Fen\u00f4meno de sa\u00edda da entidade. Conclu\u00eddo os atendimentos, ela se retira do recinto, deixando o m\u00e9dium e levando consigo todas caracter\u00edsticas peculiares de cada uma.<\/p><p>A partir da\u00ed, a prepara\u00e7\u00e3o de cada m\u00e9dium determina o grau dos vest\u00edgios que ficam da entidade no seu corpo.<\/p><p><strong>Desfecho.<\/strong><\/p><p>Quando todas entidades se retirarem, o sacerdote ou a pessoa por ele indicada executa o processo de fechamento da gira, dando por encerrado os trabalhos; isso \u00e9 feito atrav\u00e9s de ora\u00e7\u00f5es e agradecimentos.<\/p><p><strong>Higieniza\u00e7\u00e3o astral e limpeza f\u00edsica do ambiente<\/strong><\/p><p>Procedimento de higieniza\u00e7\u00e3o astral acontece conforme percep\u00e7\u00e3o do sacerdote e a f\u00edsica \u00e9 obrigat\u00f3ria para n\u00e3o deixar vest\u00edgios no sal\u00e3o onde ocorreu a gira.<\/p>\t\t\t\t\t\t\t\t<\/div>\n\t\t\t\t<\/div>\n\t\t\t\t\t<\/div>\n\t\t<\/div>\n\t\t\t\t\t<\/div>\n\t\t<\/section>\n\t\t\t\t<\/div>\n\t\t","protected":false},"excerpt":{"rendered":"<p>GIRA Palavra em quimbundo nijra,\u00a0que significa \u201ccaminho\u201d, \u201crota\u201d ou \u201cvia\u201d. Culto ritual\u00edstico que\u00a0 permite nos conectar com nossas entidades. GIRA PADR\u00c3O Evento lit\u00fargico que\u00a0 acontece semanalmente para atender a comunidade em geral. Cada gira contempla uma linha de entidades da casa (p.ex.: Preto Velho, Caboclo, Ex\u00fa e assim sucessivamente.). GIRA FESTIVA S\u00e3o giras para celebrar [&hellip;]<\/p>\n","protected":false},"author":1,"featured_media":0,"parent":0,"menu_order":0,"comment_status":"closed","ping_status":"closed","template":"","meta":{"footnotes":""},"class_list":["post-2020","page","type-page","status-publish","hentry"],"_links":{"self":[{"href":"https:\/\/wordpress.solutions.inf.br\/index.php?rest_route=\/wp\/v2\/pages\/2020","targetHints":{"allow":["GET"]}}],"collection":[{"href":"https:\/\/wordpress.solutions.inf.br\/index.php?rest_route=\/wp\/v2\/pages"}],"about":[{"href":"https:\/\/wordpress.solutions.inf.br\/index.php?rest_route=\/wp\/v2\/types\/page"}],"author":[{"embeddable":true,"href":"https:\/\/wordpress.solutions.inf.br\/index.php?rest_route=\/wp\/v2\/users\/1"}],"replies":[{"embeddable":true,"href":"https:\/\/wordpress.solutions.inf.br\/index.php?rest_route=%2Fwp%2Fv2%2Fcomments&post=2020"}],"version-history":[{"count":19,"href":"https:\/\/wordpress.solutions.inf.br\/index.php?rest_route=\/wp\/v2\/pages\/2020\/revisions"}],"predecessor-version":[{"id":4039,"href":"https:\/\/wordpress.solutions.inf.br\/index.php?rest_route=\/wp\/v2\/pages\/2020\/revisions\/4039"}],"wp:attachment":[{"href":"https:\/\/wordpress.solutions.inf.br\/index.php?rest_route=%2Fwp%2Fv2%2Fmedia&parent=2020"}],"curies":[{"name":"wp","href":"https:\/\/api.w.org\/{rel}","templated":true}]}}