{"id":2076,"date":"2023-01-25T11:36:47","date_gmt":"2023-01-25T14:36:47","guid":{"rendered":"https:\/\/wordpress.solutions.inf.br\/?page_id=2076"},"modified":"2024-03-27T13:28:51","modified_gmt":"2024-03-27T16:28:51","slug":"marinheiro","status":"publish","type":"page","link":"https:\/\/wordpress.solutions.inf.br\/?page_id=2076","title":{"rendered":"MARINHEIRO"},"content":{"rendered":"\t\t<div data-elementor-type=\"wp-page\" data-elementor-id=\"2076\" class=\"elementor elementor-2076\">\n\t\t\t\t\t\t<section class=\"elementor-section elementor-top-section elementor-element elementor-element-735eceff elementor-section-boxed elementor-section-height-default elementor-section-height-default\" data-id=\"735eceff\" data-element_type=\"section\">\n\t\t\t\t\t\t<div class=\"elementor-container elementor-column-gap-no\">\n\t\t\t\t\t<div class=\"elementor-column elementor-col-100 elementor-top-column elementor-element elementor-element-4c8a423b\" data-id=\"4c8a423b\" data-element_type=\"column\">\n\t\t\t<div class=\"elementor-widget-wrap elementor-element-populated\">\n\t\t\t\t\t\t<section class=\"elementor-section elementor-inner-section elementor-element elementor-element-36576290 elementor-section-boxed elementor-section-height-default elementor-section-height-default\" data-id=\"36576290\" data-element_type=\"section\">\n\t\t\t\t\t\t<div class=\"elementor-container elementor-column-gap-default\">\n\t\t\t\t\t<div class=\"elementor-column elementor-col-100 elementor-inner-column elementor-element elementor-element-39984b15\" data-id=\"39984b15\" data-element_type=\"column\">\n\t\t\t<div class=\"elementor-widget-wrap elementor-element-populated\">\n\t\t\t\t\t\t<div class=\"elementor-element elementor-element-83f40e9 elementor-widget elementor-widget-heading\" data-id=\"83f40e9\" data-element_type=\"widget\" data-widget_type=\"heading.default\">\n\t\t\t\t<div class=\"elementor-widget-container\">\n\t\t\t\t\t<h2 class=\"elementor-heading-title elementor-size-default\">MARINHEIRO<\/h2>\t\t\t\t<\/div>\n\t\t\t\t<\/div>\n\t\t\t\t<div class=\"elementor-element elementor-element-6a81435f elementor-widget elementor-widget-image\" data-id=\"6a81435f\" data-element_type=\"widget\" data-widget_type=\"image.default\">\n\t\t\t\t<div class=\"elementor-widget-container\">\n\t\t\t\t\t\t\t\t\t\t\t\t\t\t\t<img fetchpriority=\"high\" decoding=\"async\" width=\"800\" height=\"791\" src=\"https:\/\/wordpress.solutions.inf.br\/wp-content\/uploads\/2024\/03\/marinheiro.png\" class=\"attachment-large size-large wp-image-5066\" alt=\"\" \/>\t\t\t\t\t\t\t\t\t\t\t\t\t\t\t<\/div>\n\t\t\t\t<\/div>\n\t\t\t\t<div class=\"elementor-element elementor-element-644d6d47 elementor-widget elementor-widget-text-editor\" data-id=\"644d6d47\" data-element_type=\"widget\" data-widget_type=\"text-editor.default\">\n\t\t\t\t<div class=\"elementor-widget-container\">\n\t\t\t\t\t\t\t\t\t<p>Eles trazem a energia do mar, cantando can\u00e7\u00f5es e dan\u00e7ando em movimentos fluidos e r\u00edtmicos, transmitindo a vitalidade e a coragem que caracterizam a vida no mar.<\/p>\t\t\t\t\t\t\t\t<\/div>\n\t\t\t\t<\/div>\n\t\t\t\t<div class=\"elementor-element elementor-element-df06931 elementor-widget elementor-widget-heading\" data-id=\"df06931\" data-element_type=\"widget\" data-widget_type=\"heading.default\">\n\t\t\t\t<div class=\"elementor-widget-container\">\n\t\t\t\t\t<h2 class=\"elementor-heading-title elementor-size-default\">CARACTER\u00cdSTICAS  DOS MARINHEIROS<\/h2>\t\t\t\t<\/div>\n\t\t\t\t<\/div>\n\t\t\t\t<div class=\"elementor-element elementor-element-39715d7b elementor-widget elementor-widget-image\" data-id=\"39715d7b\" data-element_type=\"widget\" data-widget_type=\"image.default\">\n\t\t\t\t<div class=\"elementor-widget-container\">\n\t\t\t\t\t\t\t\t\t\t\t\t\t\t\t<img decoding=\"async\" width=\"563\" height=\"563\" src=\"https:\/\/wordpress.solutions.inf.br\/wp-content\/uploads\/2024\/03\/marinheiro2.png\" class=\"attachment-large size-large wp-image-5100\" alt=\"\" \/>\t\t\t\t\t\t\t\t\t\t\t\t\t\t\t<\/div>\n\t\t\t\t<\/div>\n\t\t\t\t<div class=\"elementor-element elementor-element-355d2161 elementor-widget elementor-widget-text-editor\" data-id=\"355d2161\" data-element_type=\"widget\" data-widget_type=\"text-editor.default\">\n\t\t\t\t<div class=\"elementor-widget-container\">\n\t\t\t\t\t\t\t\t\t<p>Abrange o povo das \u00e1guas em geral. Marinheiros, marujos, pescadores, popula\u00e7\u00e3o ribeirinha, cai\u00e7aras e, segundo afirmam alguns, at\u00e9 mesmo piratas congregam nessa linha de trabalho. S\u00e3o ex\u00edmios em limpeza de ambiente e do campo astral das pessoas. Tamb\u00e9m trabalham bastante com cura e elimina\u00e7\u00e3o de v\u00edcios.<br \/>S\u00e3o reverenciados por sua coragem, sua conex\u00e3o com o mar e sua energia protetora. Eles s\u00e3o vistos como aqueles que enfrentam as tempestades, tanto f\u00edsicas quanto espirituais, e que podem oferecer apoio e orienta\u00e7\u00e3o para navegar por \u00e1guas turbulentas. Os Marinheiros tamb\u00e9m s\u00e3o associados \u00e0 pesca, trazendo a simbologia da abund\u00e2ncia e da prosperidade.<br \/>Sauda\u00e7\u00e3o: Mar\u00e9o.<br \/><strong>PONTOS DE FOR\u00c7A<\/strong><br \/>\u00a0\u00a0\u00a0\u00a0\u00a0\u00a0 &#8211; Rios<br \/>\u00a0\u00a0\u00a0\u00a0\u00a0\u00a0 &#8211; Praias<br \/><strong>OFERENDAS<\/strong><br \/>\u00a0\u00a0\u00a0\u00a0\u00a0\u00a0 &#8211; Peixes<br \/>\u00a0\u00a0\u00a0\u00a0\u00a0\u00a0 &#8211; Frutos do mar<br \/>\u00a0\u00a0\u00a0\u00a0\u00a0\u00a0 &#8211; Bebidas<br \/>\u00a0\u00a0\u00a0\u00a0\u00a0\u00a0 &#8211; Cigarros<br \/><strong>COR VIBRAT\u00d3RIA<\/strong><br \/>\u00a0\u00a0\u00a0\u00a0\u00a0\u00a0 &#8211; Transparente<br \/>\u00a0\u00a0\u00a0\u00a0\u00a0\u00a0 &#8211; Azul claro<br \/>\u00a0\u00a0\u00a0\u00a0\u00a0\u00a0 &#8211; Verde claro<\/p>\t\t\t\t\t\t\t\t<\/div>\n\t\t\t\t<\/div>\n\t\t\t\t\t<\/div>\n\t\t<\/div>\n\t\t\t\t\t<\/div>\n\t\t<\/section>\n\t\t\t\t\t<\/div>\n\t\t<\/div>\n\t\t\t\t\t<\/div>\n\t\t<\/section>\n\t\t\t\t<\/div>\n\t\t","protected":false},"excerpt":{"rendered":"<p>MARINHEIRO Eles trazem a energia do mar, cantando can\u00e7\u00f5es e dan\u00e7ando em movimentos fluidos e r\u00edtmicos, transmitindo a vitalidade e a coragem que caracterizam a vida no mar. CARACTER\u00cdSTICAS DOS MARINHEIROS Abrange o povo das \u00e1guas em geral. Marinheiros, marujos, pescadores, popula\u00e7\u00e3o ribeirinha, cai\u00e7aras e, segundo afirmam alguns, at\u00e9 mesmo piratas congregam nessa linha de [&hellip;]<\/p>\n","protected":false},"author":1,"featured_media":0,"parent":0,"menu_order":0,"comment_status":"closed","ping_status":"closed","template":"","meta":{"footnotes":""},"class_list":["post-2076","page","type-page","status-publish","hentry"],"_links":{"self":[{"href":"https:\/\/wordpress.solutions.inf.br\/index.php?rest_route=\/wp\/v2\/pages\/2076","targetHints":{"allow":["GET"]}}],"collection":[{"href":"https:\/\/wordpress.solutions.inf.br\/index.php?rest_route=\/wp\/v2\/pages"}],"about":[{"href":"https:\/\/wordpress.solutions.inf.br\/index.php?rest_route=\/wp\/v2\/types\/page"}],"author":[{"embeddable":true,"href":"https:\/\/wordpress.solutions.inf.br\/index.php?rest_route=\/wp\/v2\/users\/1"}],"replies":[{"embeddable":true,"href":"https:\/\/wordpress.solutions.inf.br\/index.php?rest_route=%2Fwp%2Fv2%2Fcomments&post=2076"}],"version-history":[{"count":40,"href":"https:\/\/wordpress.solutions.inf.br\/index.php?rest_route=\/wp\/v2\/pages\/2076\/revisions"}],"predecessor-version":[{"id":5103,"href":"https:\/\/wordpress.solutions.inf.br\/index.php?rest_route=\/wp\/v2\/pages\/2076\/revisions\/5103"}],"wp:attachment":[{"href":"https:\/\/wordpress.solutions.inf.br\/index.php?rest_route=%2Fwp%2Fv2%2Fmedia&parent=2076"}],"curies":[{"name":"wp","href":"https:\/\/api.w.org\/{rel}","templated":true}]}}