{"id":2089,"date":"2023-01-26T20:41:18","date_gmt":"2023-01-26T23:41:18","guid":{"rendered":"https:\/\/wordpress.solutions.inf.br\/?page_id=2089"},"modified":"2024-03-27T13:33:54","modified_gmt":"2024-03-27T16:33:54","slug":"baiano","status":"publish","type":"page","link":"https:\/\/wordpress.solutions.inf.br\/?page_id=2089","title":{"rendered":"BAIANO"},"content":{"rendered":"\t\t<div data-elementor-type=\"wp-page\" data-elementor-id=\"2089\" class=\"elementor elementor-2089\">\n\t\t\t\t\t\t<section class=\"elementor-section elementor-top-section elementor-element elementor-element-463c965e elementor-section-boxed elementor-section-height-default elementor-section-height-default\" data-id=\"463c965e\" data-element_type=\"section\">\n\t\t\t\t\t\t<div class=\"elementor-container elementor-column-gap-no\">\n\t\t\t\t\t<div class=\"elementor-column elementor-col-100 elementor-top-column elementor-element elementor-element-7b0a0076\" data-id=\"7b0a0076\" data-element_type=\"column\">\n\t\t\t<div class=\"elementor-widget-wrap elementor-element-populated\">\n\t\t\t\t\t\t<section class=\"elementor-section elementor-inner-section elementor-element elementor-element-61b12bd0 elementor-section-boxed elementor-section-height-default elementor-section-height-default\" data-id=\"61b12bd0\" data-element_type=\"section\">\n\t\t\t\t\t\t<div class=\"elementor-container elementor-column-gap-default\">\n\t\t\t\t\t<div class=\"elementor-column elementor-col-100 elementor-inner-column elementor-element elementor-element-2bc0c302\" data-id=\"2bc0c302\" data-element_type=\"column\">\n\t\t\t<div class=\"elementor-widget-wrap elementor-element-populated\">\n\t\t\t\t\t\t<div class=\"elementor-element elementor-element-230a5394 elementor-widget elementor-widget-heading\" data-id=\"230a5394\" data-element_type=\"widget\" data-widget_type=\"heading.default\">\n\t\t\t\t<div class=\"elementor-widget-container\">\n\t\t\t\t\t<h2 class=\"elementor-heading-title elementor-size-default\">BAIANOS<\/h2>\t\t\t\t<\/div>\n\t\t\t\t<\/div>\n\t\t\t\t<div class=\"elementor-element elementor-element-6a41d515 elementor-widget elementor-widget-image\" data-id=\"6a41d515\" data-element_type=\"widget\" data-widget_type=\"image.default\">\n\t\t\t\t<div class=\"elementor-widget-container\">\n\t\t\t\t\t\t\t\t\t\t\t\t\t\t\t<img fetchpriority=\"high\" decoding=\"async\" width=\"564\" height=\"555\" src=\"https:\/\/wordpress.solutions.inf.br\/wp-content\/uploads\/2024\/03\/baiana1.png\" class=\"attachment-large size-large wp-image-5085\" alt=\"\" \/>\t\t\t\t\t\t\t\t\t\t\t\t\t\t\t<\/div>\n\t\t\t\t<\/div>\n\t\t\t\t<div class=\"elementor-element elementor-element-4d18a929 elementor-widget elementor-widget-text-editor\" data-id=\"4d18a929\" data-element_type=\"widget\" data-widget_type=\"text-editor.default\">\n\t\t\t\t<div class=\"elementor-widget-container\">\n\t\t\t\t\t\t\t\t\t<p>Sempre com roupas brancas ou coloridas, tipicamente associadas \u00e0 cultura baiana, como vestidos de renda, fitas e colares. Sua energia \u00e9 associada \u00e0 alegria, f\u00e9 e hospitalidade.<\/p>\t\t\t\t\t\t\t\t<\/div>\n\t\t\t\t<\/div>\n\t\t\t\t<div class=\"elementor-element elementor-element-aae3671 elementor-widget elementor-widget-heading\" data-id=\"aae3671\" data-element_type=\"widget\" data-widget_type=\"heading.default\">\n\t\t\t\t<div class=\"elementor-widget-container\">\n\t\t\t\t\t<h2 class=\"elementor-heading-title elementor-size-default\">CARACTER\u00cdSTICAS  DO POVO BAIANO<\/h2>\t\t\t\t<\/div>\n\t\t\t\t<\/div>\n\t\t\t\t<div class=\"elementor-element elementor-element-5338d5c5 elementor-widget elementor-widget-image\" data-id=\"5338d5c5\" data-element_type=\"widget\" data-widget_type=\"image.default\">\n\t\t\t\t<div class=\"elementor-widget-container\">\n\t\t\t\t\t\t\t\t\t\t\t\t\t\t\t<img decoding=\"async\" width=\"562\" height=\"555\" src=\"https:\/\/wordpress.solutions.inf.br\/wp-content\/uploads\/2024\/03\/baiana2.png\" class=\"attachment-large size-large wp-image-5107\" alt=\"\" \/>\t\t\t\t\t\t\t\t\t\t\t\t\t\t\t<\/div>\n\t\t\t\t<\/div>\n\t\t\t\t<div class=\"elementor-element elementor-element-5dfceefc elementor-widget elementor-widget-text-editor\" data-id=\"5dfceefc\" data-element_type=\"widget\" data-widget_type=\"text-editor.default\">\n\t\t\t\t<div class=\"elementor-widget-container\">\n\t\t\t\t\t\t\t\t\t<p>Composta por povos do nordeste brasileiro, congrega esp\u00edritos de antigos pais, m\u00e3es, filhas e filhos de santo, descendentes diretos dos negros escravizados que habitaram a regi\u00e3o da Bahia e do nordeste do Brasil. Esta linha conserva, em sua ritual\u00edstica, elementos populares, numa mescla de saberes \u201cm\u00e1gicos\u201d. Os cangaceiros tamb\u00e9m s\u00e3o cultuados nessa linha.<br \/>Se expressam com uma linguagem t\u00edpica da cultura baiana, utilizando express\u00f5es regionais e prov\u00e9rbios. Se apresentam dan\u00e7ando e cantando trazendo a alegria e a musicalidade da cultura baiana para os trabalhos espirituais.<br \/><strong>PONTOS DE FOR\u00c7A<\/strong><br \/>\u00a0\u00a0\u00a0\u00a0\u00a0\u00a0 &#8211; Pedreiras<br \/>\u00a0\u00a0\u00a0\u00a0\u00a0\u00a0 &#8211; Estradas<br \/>\u00a0\u00a0\u00a0\u00a0\u00a0\u00a0 &#8211; Cruzeiros<br \/>\u00a0\u00a0\u00a0\u00a0\u00a0\u00a0 &#8211; Praias<br \/><strong>OFERENDAS<\/strong><br \/>\u00a0\u00a0\u00a0\u00a0\u00a0\u00a0 &#8211; Vatap\u00e1<br \/>\u00a0\u00a0\u00a0\u00a0\u00a0\u00a0 &#8211; Caruru<br \/>\u00a0\u00a0\u00a0\u00a0\u00a0\u00a0 &#8211; Acaraj\u00e9<br \/>\u00a0\u00a0\u00a0\u00a0\u00a0\u00a0 &#8211; Farofas<br \/>\u00a0\u00a0\u00a0\u00a0\u00a0\u00a0 &#8211; Frutas<br \/>\u00a0\u00a0\u00a0\u00a0\u00a0\u00a0 &#8211; Bebidas<br \/>\u00a0\u00a0\u00a0\u00a0\u00a0\u00a0 &#8211; Cigarros<br \/><strong>COR VIBRAT\u00d3RIA<\/strong><br \/>\u00a0\u00a0\u00a0\u00a0\u00a0\u00a0 &#8211; Amarelo<br \/>\u00a0\u00a0\u00a0\u00a0\u00a0\u00a0 &#8211; Marrom<br \/>\u00a0\u00a0\u00a0\u00a0\u00a0\u00a0 &#8211; Verde<\/p>\t\t\t\t\t\t\t\t<\/div>\n\t\t\t\t<\/div>\n\t\t\t\t\t<\/div>\n\t\t<\/div>\n\t\t\t\t\t<\/div>\n\t\t<\/section>\n\t\t\t\t\t<\/div>\n\t\t<\/div>\n\t\t\t\t\t<\/div>\n\t\t<\/section>\n\t\t\t\t<\/div>\n\t\t","protected":false},"excerpt":{"rendered":"<p>BAIANOS Sempre com roupas brancas ou coloridas, tipicamente associadas \u00e0 cultura baiana, como vestidos de renda, fitas e colares. Sua energia \u00e9 associada \u00e0 alegria, f\u00e9 e hospitalidade. CARACTER\u00cdSTICAS DO POVO BAIANO Composta por povos do nordeste brasileiro, congrega esp\u00edritos de antigos pais, m\u00e3es, filhas e filhos de santo, descendentes diretos dos negros escravizados que [&hellip;]<\/p>\n","protected":false},"author":1,"featured_media":0,"parent":0,"menu_order":0,"comment_status":"closed","ping_status":"closed","template":"","meta":{"footnotes":""},"class_list":["post-2089","page","type-page","status-publish","hentry"],"_links":{"self":[{"href":"https:\/\/wordpress.solutions.inf.br\/index.php?rest_route=\/wp\/v2\/pages\/2089","targetHints":{"allow":["GET"]}}],"collection":[{"href":"https:\/\/wordpress.solutions.inf.br\/index.php?rest_route=\/wp\/v2\/pages"}],"about":[{"href":"https:\/\/wordpress.solutions.inf.br\/index.php?rest_route=\/wp\/v2\/types\/page"}],"author":[{"embeddable":true,"href":"https:\/\/wordpress.solutions.inf.br\/index.php?rest_route=\/wp\/v2\/users\/1"}],"replies":[{"embeddable":true,"href":"https:\/\/wordpress.solutions.inf.br\/index.php?rest_route=%2Fwp%2Fv2%2Fcomments&post=2089"}],"version-history":[{"count":46,"href":"https:\/\/wordpress.solutions.inf.br\/index.php?rest_route=\/wp\/v2\/pages\/2089\/revisions"}],"predecessor-version":[{"id":5110,"href":"https:\/\/wordpress.solutions.inf.br\/index.php?rest_route=\/wp\/v2\/pages\/2089\/revisions\/5110"}],"wp:attachment":[{"href":"https:\/\/wordpress.solutions.inf.br\/index.php?rest_route=%2Fwp%2Fv2%2Fmedia&parent=2089"}],"curies":[{"name":"wp","href":"https:\/\/api.w.org\/{rel}","templated":true}]}}