{"id":2138,"date":"2023-01-27T09:21:13","date_gmt":"2023-01-27T12:21:13","guid":{"rendered":"https:\/\/wordpress.solutions.inf.br\/?page_id=2138"},"modified":"2024-03-27T13:25:06","modified_gmt":"2024-03-27T16:25:06","slug":"ere","status":"publish","type":"page","link":"https:\/\/wordpress.solutions.inf.br\/?page_id=2138","title":{"rendered":"ER\u00ca"},"content":{"rendered":"\t\t<div data-elementor-type=\"wp-page\" data-elementor-id=\"2138\" class=\"elementor elementor-2138\">\n\t\t\t\t\t\t<section class=\"elementor-section elementor-top-section elementor-element elementor-element-6e429fb7 elementor-section-boxed elementor-section-height-default elementor-section-height-default\" data-id=\"6e429fb7\" data-element_type=\"section\">\n\t\t\t\t\t\t<div class=\"elementor-container elementor-column-gap-no\">\n\t\t\t\t\t<div class=\"elementor-column elementor-col-100 elementor-top-column elementor-element elementor-element-3c11febe\" data-id=\"3c11febe\" data-element_type=\"column\">\n\t\t\t<div class=\"elementor-widget-wrap elementor-element-populated\">\n\t\t\t\t\t\t<section class=\"elementor-section elementor-inner-section elementor-element elementor-element-698d7b48 elementor-section-boxed elementor-section-height-default elementor-section-height-default\" data-id=\"698d7b48\" data-element_type=\"section\">\n\t\t\t\t\t\t<div class=\"elementor-container elementor-column-gap-default\">\n\t\t\t\t\t<div class=\"elementor-column elementor-col-100 elementor-inner-column elementor-element elementor-element-43049a71\" data-id=\"43049a71\" data-element_type=\"column\">\n\t\t\t<div class=\"elementor-widget-wrap elementor-element-populated\">\n\t\t\t\t\t\t<div class=\"elementor-element elementor-element-2686cbdb elementor-widget elementor-widget-heading\" data-id=\"2686cbdb\" data-element_type=\"widget\" data-widget_type=\"heading.default\">\n\t\t\t\t<div class=\"elementor-widget-container\">\n\t\t\t\t\t<h2 class=\"elementor-heading-title elementor-size-default\">CRIAN\u00c7AS (ER\u00ca)<\/h2>\t\t\t\t<\/div>\n\t\t\t\t<\/div>\n\t\t\t\t<div class=\"elementor-element elementor-element-7cf99049 elementor-widget elementor-widget-image\" data-id=\"7cf99049\" data-element_type=\"widget\" data-widget_type=\"image.default\">\n\t\t\t\t<div class=\"elementor-widget-container\">\n\t\t\t\t\t\t\t\t\t\t\t\t\t\t\t<img fetchpriority=\"high\" decoding=\"async\" width=\"800\" height=\"793\" src=\"https:\/\/wordpress.solutions.inf.br\/wp-content\/uploads\/2024\/03\/ere.png\" class=\"attachment-large size-large wp-image-5054\" alt=\"\" \/>\t\t\t\t\t\t\t\t\t\t\t\t\t\t\t<\/div>\n\t\t\t\t<\/div>\n\t\t\t\t<div class=\"elementor-element elementor-element-4856b7fb elementor-widget elementor-widget-text-editor\" data-id=\"4856b7fb\" data-element_type=\"widget\" data-widget_type=\"text-editor.default\">\n\t\t\t\t<div class=\"elementor-widget-container\">\n\t\t\t\t\t\t\t\t\t<p>Conhecidos por sua habilidade de trazer leveza e felicidade aos ambientes, assim como auxiliar nas quest\u00f5es relacionadas \u00e0 inf\u00e2ncia, \u00e0 fam\u00edlia e \u00e0 prote\u00e7\u00e3o dos lares.<\/p>\t\t\t\t\t\t\t\t<\/div>\n\t\t\t\t<\/div>\n\t\t\t\t<div class=\"elementor-element elementor-element-22e5cf4f elementor-widget elementor-widget-heading\" data-id=\"22e5cf4f\" data-element_type=\"widget\" data-widget_type=\"heading.default\">\n\t\t\t\t<div class=\"elementor-widget-container\">\n\t\t\t\t\t<h2 class=\"elementor-heading-title elementor-size-default\">CARACTER\u00cdSTICAS  DOS ER\u00caS<\/h2>\t\t\t\t<\/div>\n\t\t\t\t<\/div>\n\t\t\t\t<div class=\"elementor-element elementor-element-9944698 elementor-widget elementor-widget-text-editor\" data-id=\"9944698\" data-element_type=\"widget\" data-widget_type=\"text-editor.default\">\n\t\t\t\t<div class=\"elementor-widget-container\">\n\t\t\t\t\t\t\t\t\t<p>Formada majoritariamente por esp\u00edritos que tiveram a \u00faltima encarna\u00e7\u00e3o encerrada ainda na fase infantil. \u00c9 uma linha que deve ser muito respeitada (n\u00e3o que n\u00e3o se deva respeitar as outras), pois possuem grande poder e, como dizem os antigos, &#8220;mandinga de Er\u00ea ningu\u00e9m consegue desfazer&#8221;. \u00d3timos em curas, proteger crian\u00e7as e gestantes e encontrar coisas perdidas. Em suas falas simples e entremeadas por brincadeiras, transmitem grandes ensinamentos. <br \/>H\u00e1 algumas maneiras de saudar esta linha: Onibjada! Savav\u00e1, Ibejada! Ere mim!<br \/>Esta linha de trabalho est\u00e1, na maioria das tradi\u00e7\u00f5es, relacionada aos santos cat\u00f3licos Cosme e Dami\u00e3o, bem como aos Orix\u00e1s Ibeji. <br \/><strong>PONTOS DE FOR\u00c7<\/strong>A<br \/>\u00a0\u00a0\u00a0\u00a0\u00a0\u00a0 &#8211; Pra\u00e7as<br \/>\u00a0\u00a0 \u00a0\u00a0\u00a0 &#8211; Parques<br \/>\u00a0\u00a0\u00a0\u00a0\u00a0\u00a0 &#8211; Jardins<br \/><strong>OFERENDAS<\/strong><br \/>\u00a0\u00a0\u00a0\u00a0\u00a0\u00a0 &#8211; Doces<br \/>\u00a0\u00a0\u00a0\u00a0\u00a0\u00a0 &#8211; Frutas<br \/>\u00a0\u00a0\u00a0\u00a0\u00a0\u00a0 &#8211; Refrigerantes<br \/>\u00a0\u00a0\u00a0\u00a0\u00a0\u00a0 &#8211; Pipoca<br \/>\u00a0\u00a0\u00a0\u00a0\u00a0\u00a0 &#8211; Caruru<br \/><strong>COR VIBRAT\u00d3RIA<\/strong><br \/>\u00a0\u00a0\u00a0\u00a0\u00a0\u00a0 &#8211; Azul e rosa. Misto de todas as cores<\/p>\t\t\t\t\t\t\t\t<\/div>\n\t\t\t\t<\/div>\n\t\t\t\t\t<\/div>\n\t\t<\/div>\n\t\t\t\t\t<\/div>\n\t\t<\/section>\n\t\t\t\t\t<\/div>\n\t\t<\/div>\n\t\t\t\t\t<\/div>\n\t\t<\/section>\n\t\t\t\t<\/div>\n\t\t","protected":false},"excerpt":{"rendered":"<p>CRIAN\u00c7AS (ER\u00ca) Conhecidos por sua habilidade de trazer leveza e felicidade aos ambientes, assim como auxiliar nas quest\u00f5es relacionadas \u00e0 inf\u00e2ncia, \u00e0 fam\u00edlia e \u00e0 prote\u00e7\u00e3o dos lares. CARACTER\u00cdSTICAS DOS ER\u00caS Formada majoritariamente por esp\u00edritos que tiveram a \u00faltima encarna\u00e7\u00e3o encerrada ainda na fase infantil. \u00c9 uma linha que deve ser muito respeitada (n\u00e3o que [&hellip;]<\/p>\n","protected":false},"author":1,"featured_media":0,"parent":0,"menu_order":0,"comment_status":"closed","ping_status":"closed","template":"","meta":{"footnotes":""},"class_list":["post-2138","page","type-page","status-publish","hentry"],"_links":{"self":[{"href":"https:\/\/wordpress.solutions.inf.br\/index.php?rest_route=\/wp\/v2\/pages\/2138","targetHints":{"allow":["GET"]}}],"collection":[{"href":"https:\/\/wordpress.solutions.inf.br\/index.php?rest_route=\/wp\/v2\/pages"}],"about":[{"href":"https:\/\/wordpress.solutions.inf.br\/index.php?rest_route=\/wp\/v2\/types\/page"}],"author":[{"embeddable":true,"href":"https:\/\/wordpress.solutions.inf.br\/index.php?rest_route=\/wp\/v2\/users\/1"}],"replies":[{"embeddable":true,"href":"https:\/\/wordpress.solutions.inf.br\/index.php?rest_route=%2Fwp%2Fv2%2Fcomments&post=2138"}],"version-history":[{"count":31,"href":"https:\/\/wordpress.solutions.inf.br\/index.php?rest_route=\/wp\/v2\/pages\/2138\/revisions"}],"predecessor-version":[{"id":5099,"href":"https:\/\/wordpress.solutions.inf.br\/index.php?rest_route=\/wp\/v2\/pages\/2138\/revisions\/5099"}],"wp:attachment":[{"href":"https:\/\/wordpress.solutions.inf.br\/index.php?rest_route=%2Fwp%2Fv2%2Fmedia&parent=2138"}],"curies":[{"name":"wp","href":"https:\/\/api.w.org\/{rel}","templated":true}]}}