{"id":2154,"date":"2023-01-27T09:48:45","date_gmt":"2023-01-27T12:48:45","guid":{"rendered":"https:\/\/wordpress.solutions.inf.br\/?page_id=2154"},"modified":"2024-03-27T13:31:24","modified_gmt":"2024-03-27T16:31:24","slug":"cigana","status":"publish","type":"page","link":"https:\/\/wordpress.solutions.inf.br\/?page_id=2154","title":{"rendered":"CIGANA"},"content":{"rendered":"\t\t<div data-elementor-type=\"wp-page\" data-elementor-id=\"2154\" class=\"elementor elementor-2154\">\n\t\t\t\t\t\t<section class=\"elementor-section elementor-top-section elementor-element elementor-element-1acb59b3 elementor-section-boxed elementor-section-height-default elementor-section-height-default\" data-id=\"1acb59b3\" data-element_type=\"section\">\n\t\t\t\t\t\t<div class=\"elementor-container elementor-column-gap-no\">\n\t\t\t\t\t<div class=\"elementor-column elementor-col-100 elementor-top-column elementor-element elementor-element-47c9e828\" data-id=\"47c9e828\" data-element_type=\"column\">\n\t\t\t<div class=\"elementor-widget-wrap elementor-element-populated\">\n\t\t\t\t\t\t<section class=\"elementor-section elementor-inner-section elementor-element elementor-element-a1075c6 elementor-section-boxed elementor-section-height-default elementor-section-height-default\" data-id=\"a1075c6\" data-element_type=\"section\">\n\t\t\t\t\t\t<div class=\"elementor-container elementor-column-gap-default\">\n\t\t\t\t\t<div class=\"elementor-column elementor-col-100 elementor-inner-column elementor-element elementor-element-68588da6\" data-id=\"68588da6\" data-element_type=\"column\">\n\t\t\t<div class=\"elementor-widget-wrap elementor-element-populated\">\n\t\t\t\t\t\t<div class=\"elementor-element elementor-element-6cd847f2 elementor-widget elementor-widget-heading\" data-id=\"6cd847f2\" data-element_type=\"widget\" data-widget_type=\"heading.default\">\n\t\t\t\t<div class=\"elementor-widget-container\">\n\t\t\t\t\t<h2 class=\"elementor-heading-title elementor-size-default\">CIGANOS<\/h2>\t\t\t\t<\/div>\n\t\t\t\t<\/div>\n\t\t\t\t<div class=\"elementor-element elementor-element-4286523 elementor-widget elementor-widget-image\" data-id=\"4286523\" data-element_type=\"widget\" data-widget_type=\"image.default\">\n\t\t\t\t<div class=\"elementor-widget-container\">\n\t\t\t\t\t\t\t\t\t\t\t\t\t\t\t<img decoding=\"async\" src=\"https:\/\/wordpress.solutions.inf.br\/wp-content\/uploads\/2023\/02\/cigana_dancando-1.png\" title=\"\" alt=\"\" loading=\"lazy\" \/>\t\t\t\t\t\t\t\t\t\t\t\t\t\t\t<\/div>\n\t\t\t\t<\/div>\n\t\t\t\t<div class=\"elementor-element elementor-element-7ed4f94f elementor-widget elementor-widget-text-editor\" data-id=\"7ed4f94f\" data-element_type=\"widget\" data-widget_type=\"text-editor.default\">\n\t\t\t\t<div class=\"elementor-widget-container\">\n\t\t\t\t\t\t\t\t\t<p>Trazem consigo uma rica cultura e tradi\u00e7\u00f5es ancestrais. Se apresentam com roupas coloridas, enfeitadas com len\u00e7os, colares e adere\u00e7os t\u00edpicos de sua origem cigana.<\/p>\t\t\t\t\t\t\t\t<\/div>\n\t\t\t\t<\/div>\n\t\t\t\t<div class=\"elementor-element elementor-element-6bbfdfbe elementor-widget elementor-widget-heading\" data-id=\"6bbfdfbe\" data-element_type=\"widget\" data-widget_type=\"heading.default\">\n\t\t\t\t<div class=\"elementor-widget-container\">\n\t\t\t\t\t<h2 class=\"elementor-heading-title elementor-size-default\">CARACTER\u00cdSTICAS  DOS CIGANOS<\/h2>\t\t\t\t<\/div>\n\t\t\t\t<\/div>\n\t\t\t\t<div class=\"elementor-element elementor-element-6e28cecc elementor-widget elementor-widget-image\" data-id=\"6e28cecc\" data-element_type=\"widget\" data-widget_type=\"image.default\">\n\t\t\t\t<div class=\"elementor-widget-container\">\n\t\t\t\t\t\t\t\t\t\t\t\t\t\t\t<img fetchpriority=\"high\" decoding=\"async\" width=\"800\" height=\"790\" src=\"https:\/\/wordpress.solutions.inf.br\/wp-content\/uploads\/2024\/03\/cigana.png\" class=\"attachment-large size-large wp-image-5047\" alt=\"\" \/>\t\t\t\t\t\t\t\t\t\t\t\t\t\t\t<\/div>\n\t\t\t\t<\/div>\n\t\t\t\t<div class=\"elementor-element elementor-element-14ddf879 elementor-widget elementor-widget-text-editor\" data-id=\"14ddf879\" data-element_type=\"widget\" data-widget_type=\"text-editor.default\">\n\t\t\t\t<div class=\"elementor-widget-container\">\n\t\t\t\t\t\t\t\t\t<p>Formada por esp\u00edritos de ciganos que viveram nas mais distintas regi\u00f5es do mundo, sendo poss\u00edvel notar comunica\u00e7\u00f5es feitas em diversos idiomas e dialetos, e comumente em portugu\u00eas. Esses esp\u00edritos mant\u00eam as tradi\u00e7\u00f5es misticorreligiosas que praticavam quando encarnados e, n\u00e3o necessariamente, atuam na mesma linha que Exu e Pombagira, como muitos acreditam.<br \/>Aconselham e orientam nas \u00e1reas do amor, relacionamentos, prosperidade, sa\u00fade e espiritualidade. Os Ciganos s\u00e3o conhecidos por sua sabedoria no uso de ervas, cartas de tar\u00f4 e outras pr\u00e1ticas divinat\u00f3rias, oferecendo insights e previs\u00f5es. Geralmente falam com uma linguagem po\u00e9tica e metaf\u00f3rica, utilizando express\u00f5es caracter\u00edsticas da sua cultura<br \/><strong>PONTOS DE FOR\u00c7A<\/strong><br \/>\u00a0\u00a0\u00a0\u00a0\u00a0\u00a0 &#8211; Entradas de matas<br \/>\u00a0\u00a0\u00a0\u00a0\u00a0\u00a0 &#8211; Campinas<br \/>\u00a0\u00a0\u00a0\u00a0\u00a0\u00a0 &#8211; Jardins<br \/>\u00a0\u00a0\u00a0\u00a0\u00a0\u00a0 &#8211; Bosques<br \/>\u00a0\u00a0\u00a0\u00a0\u00a0\u00a0 &#8211; Beiras de rios<br \/><strong>OFERENDAS<\/strong><br \/>\u00a0\u00a0\u00a0\u00a0\u00a0\u00a0 &#8211; Frutas<br \/>\u00a0\u00a0\u00a0\u00a0\u00a0\u00a0 &#8211; P\u00e3es<br \/>\u00a0\u00a0\u00a0\u00a0\u00a0\u00a0 &#8211; Doces<br \/>\u00a0\u00a0\u00a0\u00a0\u00a0\u00a0 &#8211; Gr\u00e3os<br \/>\u00a0\u00a0\u00a0\u00a0\u00a0\u00a0 &#8211; Vinhos<br \/>\u00a0\u00a0\u00a0\u00a0\u00a0\u00a0 &#8211; Incensos<br \/><strong>COR VIBRAT\u00d3RIA<\/strong><br \/>\u00a0\u00a0\u00a0\u00a0\u00a0\u00a0 &#8211; Misto de cores<\/p>\t\t\t\t\t\t\t\t<\/div>\n\t\t\t\t<\/div>\n\t\t\t\t\t<\/div>\n\t\t<\/div>\n\t\t\t\t\t<\/div>\n\t\t<\/section>\n\t\t\t\t\t<\/div>\n\t\t<\/div>\n\t\t\t\t\t<\/div>\n\t\t<\/section>\n\t\t\t\t<\/div>\n\t\t","protected":false},"excerpt":{"rendered":"<p>CIGANOS Trazem consigo uma rica cultura e tradi\u00e7\u00f5es ancestrais. Se apresentam com roupas coloridas, enfeitadas com len\u00e7os, colares e adere\u00e7os t\u00edpicos de sua origem cigana. CARACTER\u00cdSTICAS DOS CIGANOS Formada por esp\u00edritos de ciganos que viveram nas mais distintas regi\u00f5es do mundo, sendo poss\u00edvel notar comunica\u00e7\u00f5es feitas em diversos idiomas e dialetos, e comumente em portugu\u00eas. [&hellip;]<\/p>\n","protected":false},"author":1,"featured_media":0,"parent":0,"menu_order":0,"comment_status":"closed","ping_status":"closed","template":"","meta":{"footnotes":""},"class_list":["post-2154","page","type-page","status-publish","hentry"],"_links":{"self":[{"href":"https:\/\/wordpress.solutions.inf.br\/index.php?rest_route=\/wp\/v2\/pages\/2154","targetHints":{"allow":["GET"]}}],"collection":[{"href":"https:\/\/wordpress.solutions.inf.br\/index.php?rest_route=\/wp\/v2\/pages"}],"about":[{"href":"https:\/\/wordpress.solutions.inf.br\/index.php?rest_route=\/wp\/v2\/types\/page"}],"author":[{"embeddable":true,"href":"https:\/\/wordpress.solutions.inf.br\/index.php?rest_route=\/wp\/v2\/users\/1"}],"replies":[{"embeddable":true,"href":"https:\/\/wordpress.solutions.inf.br\/index.php?rest_route=%2Fwp%2Fv2%2Fcomments&post=2154"}],"version-history":[{"count":37,"href":"https:\/\/wordpress.solutions.inf.br\/index.php?rest_route=\/wp\/v2\/pages\/2154\/revisions"}],"predecessor-version":[{"id":5106,"href":"https:\/\/wordpress.solutions.inf.br\/index.php?rest_route=\/wp\/v2\/pages\/2154\/revisions\/5106"}],"wp:attachment":[{"href":"https:\/\/wordpress.solutions.inf.br\/index.php?rest_route=%2Fwp%2Fv2%2Fmedia&parent=2154"}],"curies":[{"name":"wp","href":"https:\/\/api.w.org\/{rel}","templated":true}]}}