{"id":2165,"date":"2023-01-30T09:14:56","date_gmt":"2023-01-30T12:14:56","guid":{"rendered":"https:\/\/wordpress.solutions.inf.br\/?page_id=2165"},"modified":"2024-03-27T13:20:46","modified_gmt":"2024-03-27T16:20:46","slug":"preto-velho","status":"publish","type":"page","link":"https:\/\/wordpress.solutions.inf.br\/?page_id=2165","title":{"rendered":"PRETO VELHO"},"content":{"rendered":"\t\t<div data-elementor-type=\"wp-page\" data-elementor-id=\"2165\" class=\"elementor elementor-2165\">\n\t\t\t\t\t\t<section class=\"elementor-section elementor-top-section elementor-element elementor-element-64f24810 elementor-section-boxed elementor-section-height-default elementor-section-height-default\" data-id=\"64f24810\" data-element_type=\"section\">\n\t\t\t\t\t\t<div class=\"elementor-container elementor-column-gap-no\">\n\t\t\t\t\t<div class=\"elementor-column elementor-col-100 elementor-top-column elementor-element elementor-element-61aba452\" data-id=\"61aba452\" data-element_type=\"column\">\n\t\t\t<div class=\"elementor-widget-wrap elementor-element-populated\">\n\t\t\t\t\t\t<section class=\"elementor-section elementor-inner-section elementor-element elementor-element-2130e818 elementor-section-boxed elementor-section-height-default elementor-section-height-default\" data-id=\"2130e818\" data-element_type=\"section\">\n\t\t\t\t\t\t<div class=\"elementor-container elementor-column-gap-default\">\n\t\t\t\t\t<div class=\"elementor-column elementor-col-100 elementor-inner-column elementor-element elementor-element-5bcc1eec\" data-id=\"5bcc1eec\" data-element_type=\"column\">\n\t\t\t<div class=\"elementor-widget-wrap elementor-element-populated\">\n\t\t\t\t\t\t<div class=\"elementor-element elementor-element-6c9f06f0 elementor-widget elementor-widget-heading\" data-id=\"6c9f06f0\" data-element_type=\"widget\" data-widget_type=\"heading.default\">\n\t\t\t\t<div class=\"elementor-widget-container\">\n\t\t\t\t\t<h2 class=\"elementor-heading-title elementor-size-default\">PRETO VELHO<\/h2>\t\t\t\t<\/div>\n\t\t\t\t<\/div>\n\t\t\t\t<div class=\"elementor-element elementor-element-32fef68c elementor-widget elementor-widget-image\" data-id=\"32fef68c\" data-element_type=\"widget\" data-widget_type=\"image.default\">\n\t\t\t\t<div class=\"elementor-widget-container\">\n\t\t\t\t\t\t\t\t\t\t\t\t\t\t\t<img fetchpriority=\"high\" decoding=\"async\" width=\"800\" height=\"794\" src=\"https:\/\/wordpress.solutions.inf.br\/wp-content\/uploads\/2024\/03\/preto_velho.png\" class=\"attachment-large size-large wp-image-5043\" alt=\"\" \/>\t\t\t\t\t\t\t\t\t\t\t\t\t\t\t<\/div>\n\t\t\t\t<\/div>\n\t\t\t\t<div class=\"elementor-element elementor-element-39cb109d elementor-widget elementor-widget-text-editor\" data-id=\"39cb109d\" data-element_type=\"widget\" data-widget_type=\"text-editor.default\">\n\t\t\t\t<div class=\"elementor-widget-container\">\n\t\t\t\t\t\t\t\t\t<p>Entidades que representam a generosidade, sabedoria e humildade. Sentados no toco, fumando seu cachimbo e segurando uma bengala estas entidades acolhem, aconselham e &#8220;benzem&#8221; seus filhos.<\/p>\t\t\t\t\t\t\t\t<\/div>\n\t\t\t\t<\/div>\n\t\t\t\t<div class=\"elementor-element elementor-element-622ec07 elementor-widget elementor-widget-text-editor\" data-id=\"622ec07\" data-element_type=\"widget\" data-widget_type=\"text-editor.default\">\n\t\t\t\t<div class=\"elementor-widget-container\">\n\t\t\t\t\t\t\t\t\t<p>Mais conhecida e antiga na nossa religi\u00e3o, a linha dos Preto Velhos \u00e9 composta por esp\u00edritos de pessoas oriundas de diversas regi\u00f5es da \u00c1frica trazidos para o Brasil a for\u00e7a para trabalharem de sol a sol na condi\u00e7\u00e3o de escravos. A eles foram negados os direitos b\u00e1sicos de posse, de fam\u00edlia e at\u00e9 mesmo de praticar sua religi\u00e3o. A vida no Brasil os obrigou a mesclar a f\u00e9 nos orix\u00e1s e nkisis com a f\u00e9 crist\u00e3, imposta pelos senhores de escravos. Algumas dessas entidades ainda demonstram esse sincretismo quando incorporadas.<br \/>S\u00e3o esp\u00edritos puros, que trazem em si a generosidade, o amor, a humildade e a sabedoria adquirida nos longos anos de sofrimento e supera\u00e7\u00e3o. \u00c9 por isso que ao falar com um Preto Velho, seja respeitoso, saiba escutar e n\u00e3o espere deles milagres e solu\u00e7\u00f5es imediatas para seus problemas. Seus conselhos lhe mostrar\u00e3o que a supera\u00e7\u00e3o est\u00e1 dentro de voc\u00ea! <br \/>Para uns, eles s\u00e3o psic\u00f3logos, amigos, confidentes, mentores espirituais; para outros, s\u00e3o exorcistas que com suas mirongas, banhos de ervas e pontos riscados combatem as energias negativas que atuam em sua vida. Na maioria das vezes eles s\u00e3o tudo isso junto!<br \/>Entidades que se expressam de forma simples, com sotaque bastante carregado de express\u00f5es e palavras com tra\u00e7os do vocabul\u00e1rio da sua terra natal.<br \/>Carregando ainda o peso do trabalho duro, eles se locomovem com dificuldade, normalmente com as costas curvadas apenas para as sauda\u00e7\u00f5es necess\u00e1rias (Cong\u00e1, curimba etc.), para depois sentar e trabalhar.<br \/>Cura, reza e benzimento s\u00e3o pr\u00e1ticas adotadas por estas entidades para ajudar a pessoas que procuram nele apoio na sua caminhada. Tratar a alma, o emocional e o f\u00edsico, independente da forma que ocorrer, acontece e est\u00e1 diretamente ligado a sua f\u00e9 e aos conhecimentos dos nossos velhinhos.<br \/>Comumente a sauda\u00e7\u00e3o a esta linha de trabalho \u00e9 \u201cAdorei as almas\u201d. Contudo, nossa tradi\u00e7\u00e3o adota a sauda\u00e7\u00e3o \u201cCacurucaia\u201d.<br \/><strong>PONTOS DE FOR\u00c7A<\/strong><br \/>\u00a0\u00a0\u00a0\u00a0\u00a0\u00a0 &#8211; Matas<br \/>\u00a0\u00a0\u00a0\u00a0\u00a0\u00a0 &#8211; Pedreiras<br \/>\u00a0\u00a0\u00a0\u00a0\u00a0\u00a0 &#8211; Cruzeiros<br \/>\u00a0\u00a0\u00a0\u00a0\u00a0\u00a0 &#8211; Cachoeiras<br \/><strong>OFERENDAS<\/strong><br \/>\u00a0\u00a0\u00a0\u00a0\u00a0\u00a0 &#8211; Canjica<br \/>\u00a0\u00a0\u00a0\u00a0\u00a0\u00a0 &#8211; Feijoada<br \/>\u00a0\u00a0\u00a0\u00a0\u00a0\u00a0 &#8211; Angu<br \/>\u00a0\u00a0\u00a0\u00a0\u00a0\u00a0 &#8211; Mingau<br \/>\u00a0\u00a0\u00a0\u00a0\u00a0\u00a0 &#8211; Frutas<br \/>\u00a0\u00a0\u00a0\u00a0\u00a0\u00a0 &#8211; Bolos etc.<br \/><strong>CORES VIBRAT\u00d3RIAS<\/strong><br \/>\u00a0\u00a0\u00a0\u00a0\u00a0\u00a0 &#8211; Branco e preto<\/p>\t\t\t\t\t\t\t\t<\/div>\n\t\t\t\t<\/div>\n\t\t\t\t\t<\/div>\n\t\t<\/div>\n\t\t\t\t\t<\/div>\n\t\t<\/section>\n\t\t\t\t\t<\/div>\n\t\t<\/div>\n\t\t\t\t\t<\/div>\n\t\t<\/section>\n\t\t\t\t<\/div>\n\t\t","protected":false},"excerpt":{"rendered":"<p>PRETO VELHO Entidades que representam a generosidade, sabedoria e humildade. Sentados no toco, fumando seu cachimbo e segurando uma bengala estas entidades acolhem, aconselham e &#8220;benzem&#8221; seus filhos. Mais conhecida e antiga na nossa religi\u00e3o, a linha dos Preto Velhos \u00e9 composta por esp\u00edritos de pessoas oriundas de diversas regi\u00f5es da \u00c1frica trazidos para o [&hellip;]<\/p>\n","protected":false},"author":1,"featured_media":0,"parent":0,"menu_order":0,"comment_status":"closed","ping_status":"closed","template":"","meta":{"footnotes":""},"class_list":["post-2165","page","type-page","status-publish","hentry"],"_links":{"self":[{"href":"https:\/\/wordpress.solutions.inf.br\/index.php?rest_route=\/wp\/v2\/pages\/2165","targetHints":{"allow":["GET"]}}],"collection":[{"href":"https:\/\/wordpress.solutions.inf.br\/index.php?rest_route=\/wp\/v2\/pages"}],"about":[{"href":"https:\/\/wordpress.solutions.inf.br\/index.php?rest_route=\/wp\/v2\/types\/page"}],"author":[{"embeddable":true,"href":"https:\/\/wordpress.solutions.inf.br\/index.php?rest_route=\/wp\/v2\/users\/1"}],"replies":[{"embeddable":true,"href":"https:\/\/wordpress.solutions.inf.br\/index.php?rest_route=%2Fwp%2Fv2%2Fcomments&post=2165"}],"version-history":[{"count":94,"href":"https:\/\/wordpress.solutions.inf.br\/index.php?rest_route=\/wp\/v2\/pages\/2165\/revisions"}],"predecessor-version":[{"id":5091,"href":"https:\/\/wordpress.solutions.inf.br\/index.php?rest_route=\/wp\/v2\/pages\/2165\/revisions\/5091"}],"wp:attachment":[{"href":"https:\/\/wordpress.solutions.inf.br\/index.php?rest_route=%2Fwp%2Fv2%2Fmedia&parent=2165"}],"curies":[{"name":"wp","href":"https:\/\/api.w.org\/{rel}","templated":true}]}}