{"id":3219,"date":"2023-04-17T10:26:49","date_gmt":"2023-04-17T13:26:49","guid":{"rendered":"https:\/\/wordpress.solutions.inf.br\/?page_id=3219"},"modified":"2024-05-18T08:01:00","modified_gmt":"2024-05-18T11:01:00","slug":"caboclo-2","status":"publish","type":"page","link":"https:\/\/wordpress.solutions.inf.br\/?page_id=3219","title":{"rendered":"CABOCLO"},"content":{"rendered":"\t\t<div data-elementor-type=\"wp-page\" data-elementor-id=\"3219\" class=\"elementor elementor-3219\">\n\t\t\t\t\t\t<section class=\"elementor-section elementor-top-section elementor-element elementor-element-63907ae2 elementor-section-boxed elementor-section-height-default elementor-section-height-default\" data-id=\"63907ae2\" data-element_type=\"section\">\n\t\t\t\t\t\t<div class=\"elementor-container elementor-column-gap-no\">\n\t\t\t\t\t<div class=\"elementor-column elementor-col-100 elementor-top-column elementor-element elementor-element-3bcdad36\" data-id=\"3bcdad36\" data-element_type=\"column\">\n\t\t\t<div class=\"elementor-widget-wrap elementor-element-populated\">\n\t\t\t\t\t\t<section class=\"elementor-section elementor-inner-section elementor-element elementor-element-368ef473 elementor-section-boxed elementor-section-height-default elementor-section-height-default\" data-id=\"368ef473\" data-element_type=\"section\">\n\t\t\t\t\t\t<div class=\"elementor-container elementor-column-gap-default\">\n\t\t\t\t\t<div class=\"elementor-column elementor-col-100 elementor-inner-column elementor-element elementor-element-7a82a293\" data-id=\"7a82a293\" data-element_type=\"column\">\n\t\t\t<div class=\"elementor-widget-wrap elementor-element-populated\">\n\t\t\t\t\t\t<div class=\"elementor-element elementor-element-139e7947 elementor-widget elementor-widget-heading\" data-id=\"139e7947\" data-element_type=\"widget\" data-widget_type=\"heading.default\">\n\t\t\t\t<div class=\"elementor-widget-container\">\n\t\t\t\t\t<h2 class=\"elementor-heading-title elementor-size-default\">CABOCLO<\/h2>\t\t\t\t<\/div>\n\t\t\t\t<\/div>\n\t\t\t\t<div class=\"elementor-element elementor-element-706f4d8b elementor-widget elementor-widget-image\" data-id=\"706f4d8b\" data-element_type=\"widget\" data-widget_type=\"image.default\">\n\t\t\t\t<div class=\"elementor-widget-container\">\n\t\t\t\t\t\t\t\t\t\t\t\t\t\t\t<img fetchpriority=\"high\" decoding=\"async\" width=\"549\" height=\"378\" src=\"https:\/\/wordpress.solutions.inf.br\/wp-content\/uploads\/2024\/03\/nossa_religiao_1.png\" class=\"attachment-large size-large wp-image-5074\" alt=\"\" \/>\t\t\t\t\t\t\t\t\t\t\t\t\t\t\t<\/div>\n\t\t\t\t<\/div>\n\t\t\t\t<div class=\"elementor-element elementor-element-0472d4b elementor-widget elementor-widget-text-editor\" data-id=\"0472d4b\" data-element_type=\"widget\" data-widget_type=\"text-editor.default\">\n\t\t\t\t<div class=\"elementor-widget-container\">\n\t\t\t\t\t\t\t\t\t<p>Trazem a for\u00e7a e a conex\u00e3o com a natureza, ensinando-nos a valorizar e respeita-la.<\/p>\t\t\t\t\t\t\t\t<\/div>\n\t\t\t\t<\/div>\n\t\t\t\t<div class=\"elementor-element elementor-element-3bf9deeb elementor-widget elementor-widget-heading\" data-id=\"3bf9deeb\" data-element_type=\"widget\" data-widget_type=\"heading.default\">\n\t\t\t\t<div class=\"elementor-widget-container\">\n\t\t\t\t\t<h2 class=\"elementor-heading-title elementor-size-default\">CARACTER\u00cdSTICAS  DA LINHA DE CABOCLOS<\/h2>\t\t\t\t<\/div>\n\t\t\t\t<\/div>\n\t\t\t\t<div class=\"elementor-element elementor-element-45beb7f6 elementor-widget elementor-widget-text-editor\" data-id=\"45beb7f6\" data-element_type=\"widget\" data-widget_type=\"text-editor.default\">\n\t\t\t\t<div class=\"elementor-widget-container\">\n\t\t\t\t\t\t\t\t\t<p>Agregam-se aqui esp\u00edritos, principalmente, dos descendentes miscigenados de \u00edndios e negros ou \u00edndios e europeus. Essa linha se subdivide em:<\/p>\t\t\t\t\t\t\t\t<\/div>\n\t\t\t\t<\/div>\n\t\t\t\t<div class=\"elementor-element elementor-element-9ee16d2 elementor-widget elementor-widget-heading\" data-id=\"9ee16d2\" data-element_type=\"widget\" data-widget_type=\"heading.default\">\n\t\t\t\t<div class=\"elementor-widget-container\">\n\t\t\t\t\t<h2 class=\"elementor-heading-title elementor-size-default\">CABOCLO DE PENA<\/h2>\t\t\t\t<\/div>\n\t\t\t\t<\/div>\n\t\t\t\t<div class=\"elementor-element elementor-element-cbad82c elementor-widget elementor-widget-image\" data-id=\"cbad82c\" data-element_type=\"widget\" data-widget_type=\"image.default\">\n\t\t\t\t<div class=\"elementor-widget-container\">\n\t\t\t\t\t\t\t\t\t\t\t\t\t\t\t<img decoding=\"async\" width=\"800\" height=\"789\" src=\"https:\/\/wordpress.solutions.inf.br\/wp-content\/uploads\/2024\/03\/caboclo.png\" class=\"attachment-large size-large wp-image-5041\" alt=\"\" \/>\t\t\t\t\t\t\t\t\t\t\t\t\t\t\t<\/div>\n\t\t\t\t<\/div>\n\t\t\t\t<div class=\"elementor-element elementor-element-55c31d7 elementor-widget elementor-widget-text-editor\" data-id=\"55c31d7\" data-element_type=\"widget\" data-widget_type=\"text-editor.default\">\n\t\t\t\t<div class=\"elementor-widget-container\">\n\t\t\t\t\t\t\t\t\t<p>Com forte liga\u00e7\u00e3o com a natureza e trazendo consigo conhecimentos ancestrais, se apresentam como guerreiros e guerreiras valentes, vestidos com roupas ind\u00edgenas, geralmente em tons de marrom ou verde. Carregam arcos, flechas, lan\u00e7as e outros s\u00edmbolos t\u00edpicos de sua cultura. Sua energia \u00e9 associada \u00e0 for\u00e7a, coragem, conex\u00e3o com a terra, cura e prote\u00e7\u00e3o.<\/p>\t\t\t\t\t\t\t\t<\/div>\n\t\t\t\t<\/div>\n\t\t\t\t<div class=\"elementor-element elementor-element-d0dad6e elementor-widget elementor-widget-heading\" data-id=\"d0dad6e\" data-element_type=\"widget\" data-widget_type=\"heading.default\">\n\t\t\t\t<div class=\"elementor-widget-container\">\n\t\t\t\t\t<h2 class=\"elementor-heading-title elementor-size-default\">CABOCLO DE COURO OU BOIADEIRO<\/h2>\t\t\t\t<\/div>\n\t\t\t\t<\/div>\n\t\t\t\t<div class=\"elementor-element elementor-element-9fecbb6 elementor-widget elementor-widget-image\" data-id=\"9fecbb6\" data-element_type=\"widget\" data-widget_type=\"image.default\">\n\t\t\t\t<div class=\"elementor-widget-container\">\n\t\t\t\t\t\t\t\t\t\t\t\t\t\t\t<img decoding=\"async\" width=\"800\" height=\"534\" src=\"https:\/\/wordpress.solutions.inf.br\/wp-content\/uploads\/2024\/03\/caboclo_boiadeiro.png\" class=\"attachment-large size-large wp-image-5093\" alt=\"\" \/>\t\t\t\t\t\t\t\t\t\t\t\t\t\t\t<\/div>\n\t\t\t\t<\/div>\n\t\t\t\t<div class=\"elementor-element elementor-element-c0ce72e elementor-widget elementor-widget-text-editor\" data-id=\"c0ce72e\" data-element_type=\"widget\" data-widget_type=\"text-editor.default\">\n\t\t\t\t<div class=\"elementor-widget-container\">\n\t\t\t\t\t\t\t\t\t<p>Descendentes que assumiram profiss\u00f5es ligadas ao manejo do gado e assim, adotaram a cultura do homem branco, mesclando seus conhecimentos tribais. <br \/>Caboclos em geral, atuam em limpezas espirituais, sendo verdadeiros peritos em identificar e dissipar for\u00e7as mal\u00e9ficas. <br \/>Trabalham usualmente com ervas, charutos, cachimbos, cigarros de palha, pedras, ra\u00edzes, penas, banhos e defuma\u00e7\u00f5es. <br \/><strong>PONTOS DE FOR\u00c7A<\/strong><br \/>\u00a0 \u00a0 \u00a0 \u00a0 &#8211; Matas<br \/>\u00a0 \u00a0 \u00a0 \u00a0 &#8211; Bosques<br \/>\u00a0\u00a0\u00a0\u00a0\u00a0\u00a0\u00a0 &#8211; Beiras de rio<br \/>\u00a0\u00a0\u00a0\u00a0\u00a0\u00a0\u00a0 &#8211; Campinas<br \/>\u00a0\u00a0\u00a0\u00a0\u00a0\u00a0\u00a0 &#8211; Estradas menos urbanas.<br \/><strong>OFERENDAS<\/strong><br \/>\u00a0\u00a0\u00a0\u00a0\u00a0\u00a0\u00a0\u00a0 &#8211; Frutas<br \/>\u00a0\u00a0\u00a0\u00a0\u00a0\u00a0\u00a0\u00a0 &#8211; Peixes<br \/>\u00a0\u00a0\u00a0\u00a0\u00a0\u00a0\u00a0\u00a0 &#8211; Farofas<br \/>\u00a0\u00a0\u00a0\u00a0\u00a0\u00a0\u00a0\u00a0 &#8211; Ra\u00edzes<br \/>\u00a0\u00a0\u00a0\u00a0\u00a0\u00a0\u00a0\u00a0 &#8211; Vinho<br \/>\u00a0\u00a0\u00a0\u00a0\u00a0\u00a0\u00a0\u00a0 &#8211; Alu\u00e1<br \/>\u00a0\u00a0\u00a0\u00a0\u00a0\u00a0\u00a0\u00a0 &#8211; Cerveja<br \/>\u00a0\u00a0\u00a0\u00a0\u00a0\u00a0\u00a0\u00a0 &#8211; Charutos.<br \/><strong>COR VIBRAT\u00d3RIA<\/strong><br \/>\u00a0\u00a0\u00a0\u00a0\u00a0\u00a0\u00a0\u00a0 &#8211; Verde<\/p>\t\t\t\t\t\t\t\t<\/div>\n\t\t\t\t<\/div>\n\t\t\t\t\t<\/div>\n\t\t<\/div>\n\t\t\t\t\t<\/div>\n\t\t<\/section>\n\t\t\t\t\t<\/div>\n\t\t<\/div>\n\t\t\t\t\t<\/div>\n\t\t<\/section>\n\t\t\t\t<\/div>\n\t\t","protected":false},"excerpt":{"rendered":"<p>CABOCLO Trazem a for\u00e7a e a conex\u00e3o com a natureza, ensinando-nos a valorizar e respeita-la. CARACTER\u00cdSTICAS DA LINHA DE CABOCLOS Agregam-se aqui esp\u00edritos, principalmente, dos descendentes miscigenados de \u00edndios e negros ou \u00edndios e europeus. Essa linha se subdivide em: CABOCLO DE PENA Com forte liga\u00e7\u00e3o com a natureza e trazendo consigo conhecimentos ancestrais, se [&hellip;]<\/p>\n","protected":false},"author":1,"featured_media":0,"parent":0,"menu_order":0,"comment_status":"closed","ping_status":"closed","template":"","meta":{"footnotes":""},"class_list":["post-3219","page","type-page","status-publish","hentry"],"_links":{"self":[{"href":"https:\/\/wordpress.solutions.inf.br\/index.php?rest_route=\/wp\/v2\/pages\/3219","targetHints":{"allow":["GET"]}}],"collection":[{"href":"https:\/\/wordpress.solutions.inf.br\/index.php?rest_route=\/wp\/v2\/pages"}],"about":[{"href":"https:\/\/wordpress.solutions.inf.br\/index.php?rest_route=\/wp\/v2\/types\/page"}],"author":[{"embeddable":true,"href":"https:\/\/wordpress.solutions.inf.br\/index.php?rest_route=\/wp\/v2\/users\/1"}],"replies":[{"embeddable":true,"href":"https:\/\/wordpress.solutions.inf.br\/index.php?rest_route=%2Fwp%2Fv2%2Fcomments&post=3219"}],"version-history":[{"count":76,"href":"https:\/\/wordpress.solutions.inf.br\/index.php?rest_route=\/wp\/v2\/pages\/3219\/revisions"}],"predecessor-version":[{"id":5148,"href":"https:\/\/wordpress.solutions.inf.br\/index.php?rest_route=\/wp\/v2\/pages\/3219\/revisions\/5148"}],"wp:attachment":[{"href":"https:\/\/wordpress.solutions.inf.br\/index.php?rest_route=%2Fwp%2Fv2%2Fmedia&parent=3219"}],"curies":[{"name":"wp","href":"https:\/\/api.w.org\/{rel}","templated":true}]}}