{"id":3445,"date":"2023-04-26T06:29:19","date_gmt":"2023-04-26T09:29:19","guid":{"rendered":"https:\/\/wordpress.solutions.inf.br\/?page_id=3445"},"modified":"2025-01-24T10:29:30","modified_gmt":"2025-01-24T13:29:30","slug":"exu-e-pombagira","status":"publish","type":"page","link":"https:\/\/wordpress.solutions.inf.br\/?page_id=3445","title":{"rendered":"EXU E POMBAGIRA"},"content":{"rendered":"\t\t<div data-elementor-type=\"wp-page\" data-elementor-id=\"3445\" class=\"elementor elementor-3445\">\n\t\t\t\t\t\t<section class=\"elementor-section elementor-top-section elementor-element elementor-element-54d4546c elementor-section-boxed elementor-section-height-default elementor-section-height-default\" data-id=\"54d4546c\" data-element_type=\"section\">\n\t\t\t\t\t\t<div class=\"elementor-container elementor-column-gap-no\">\n\t\t\t\t\t<div class=\"elementor-column elementor-col-100 elementor-top-column elementor-element elementor-element-68a48519\" data-id=\"68a48519\" data-element_type=\"column\">\n\t\t\t<div class=\"elementor-widget-wrap elementor-element-populated\">\n\t\t\t\t\t\t<section class=\"elementor-section elementor-inner-section elementor-element elementor-element-145723ec elementor-section-boxed elementor-section-height-default elementor-section-height-default\" data-id=\"145723ec\" data-element_type=\"section\">\n\t\t\t\t\t\t<div class=\"elementor-container elementor-column-gap-default\">\n\t\t\t\t\t<div class=\"elementor-column elementor-col-100 elementor-inner-column elementor-element elementor-element-763b49dc\" data-id=\"763b49dc\" data-element_type=\"column\">\n\t\t\t<div class=\"elementor-widget-wrap elementor-element-populated\">\n\t\t\t\t\t\t<div class=\"elementor-element elementor-element-3cb5d146 elementor-widget elementor-widget-heading\" data-id=\"3cb5d146\" data-element_type=\"widget\" data-widget_type=\"heading.default\">\n\t\t\t\t<div class=\"elementor-widget-container\">\n\t\t\t\t\t<h2 class=\"elementor-heading-title elementor-size-default\">EXU &amp; POMBAGIRA<\/h2>\t\t\t\t<\/div>\n\t\t\t\t<\/div>\n\t\t\t\t<div class=\"elementor-element elementor-element-515a1567 elementor-widget elementor-widget-image\" data-id=\"515a1567\" data-element_type=\"widget\" data-widget_type=\"image.default\">\n\t\t\t\t<div class=\"elementor-widget-container\">\n\t\t\t\t\t\t\t\t\t\t\t\t\t\t\t<img fetchpriority=\"high\" decoding=\"async\" width=\"561\" height=\"553\" src=\"https:\/\/wordpress.solutions.inf.br\/wp-content\/uploads\/2025\/01\/exu_pomba_gira1.png\" class=\"attachment-large size-large wp-image-5180\" alt=\"\" \/>\t\t\t\t\t\t\t\t\t\t\t\t\t\t\t<\/div>\n\t\t\t\t<\/div>\n\t\t\t\t<div class=\"elementor-element elementor-element-fb08c47 elementor-widget elementor-widget-text-editor\" data-id=\"fb08c47\" data-element_type=\"widget\" data-widget_type=\"text-editor.default\">\n\t\t\t\t<div class=\"elementor-widget-container\">\n\t\t\t\t\t\t\t\t\t<p><em>A express\u00e3o &#8220;Laroye, Exu&#8221;, originada da l\u00edngua Iorub\u00e1. Falada em pa\u00edses como Togo, Benim e Nig\u00e9ria, \u00e9 usada como sauda\u00e7\u00e3o cl\u00e1ssica para Exu e Pombagira e pode ser traduzida como &#8220;Salve, mensageiro&#8221;.<\/em><\/p>\t\t\t\t\t\t\t\t<\/div>\n\t\t\t\t<\/div>\n\t\t\t\t<div class=\"elementor-element elementor-element-4404729e elementor-widget elementor-widget-text-editor\" data-id=\"4404729e\" data-element_type=\"widget\" data-widget_type=\"text-editor.default\">\n\t\t\t\t<div class=\"elementor-widget-container\">\n\t\t\t\t\t\t\t\t\t<p>A mais contradit\u00f3ria das linhas. \u00c9 composta por esp\u00edritos dos cidad\u00e3os que viveram \u00e0 margem da sociedade convencional e galgaram seus degraus na evolu\u00e7\u00e3o pessoal e espiritual, em contato direto com os temas e vivencias renegadas pelo moralismo e puritanismo. Isto confere aos nossos compadres e comadres um tom irreverente e desconstrutor. S\u00e3o entidades amorais e atuam nas mais diversas especialidades espirituais.<br \/>Ligados diretamente aos nossos instintos, s\u00e3o muito amigos, quando tratados com respeito e carinho. Desconfiados, mas gostam de ser lembrados e de receber presentes. Comumente s\u00e3o chamados de guardi\u00f5es por compor fortemente a seguran\u00e7a de templos e de seus devotos.<br \/>Com caracter\u00edsticas t\u00edpicas das rea\u00e7\u00f5es da natureza humana, sua imagem perante os adeptos reflete prote\u00e7\u00e3o, justi\u00e7a, paci\u00eancia, for\u00e7a e disciplina na persegui\u00e7\u00e3o de objetivos. A ambiguidade e a pluralidade de sentimentos tamb\u00e9m s\u00e3o caracter\u00edsticas humanas presentes nessas entidades.<br \/>Os tra\u00e7os de personalidade mais comuns associados a ele s\u00e3o: disciplina, paci\u00eancia e prote\u00e7\u00e3o nos caminhos. S\u00e3o protetores fieis das pessoas que os cultuam e que lhes s\u00e3o agradecidas.<br \/>N\u00e3o trabalham apenas nas &#8220;Giras de Exu&#8221;, eles se fazem presentes (n\u00e3o incorporados) tamb\u00e9m em outras giras, exercendo o papel de protetor e guardi\u00e3o da casa, dos m\u00e9diuns e das demais pessoas ali presentes.<\/p><p><strong>PONTOS DE FOR\u00c7A<\/strong><br \/>\u00a0\u00a0\u00a0\u00a0\u00a0\u00a0 &#8211; Encruzilhadas<br \/>\u00a0\u00a0\u00a0\u00a0\u00a0\u00a0 &#8211; Estradas<br \/>\u00a0\u00a0\u00a0\u00a0\u00a0\u00a0 &#8211; Cemit\u00e9rios<br \/>\u00a0\u00a0\u00a0\u00a0\u00a0\u00a0 &#8211; Cruzeiros<br \/>\u00a0\u00a0\u00a0\u00a0\u00a0\u00a0 &#8211; Matas etc.<\/p><p><strong>OFERENDAS<\/strong><br \/>\u00a0\u00a0\u00a0\u00a0\u00a0\u00a0 &#8211; Farofas<br \/>\u00a0\u00a0\u00a0\u00a0\u00a0\u00a0 &#8211; Carnes<br \/>\u00a0\u00a0\u00a0\u00a0\u00a0\u00a0 &#8211; Bebidas<br \/>\u00a0\u00a0\u00a0\u00a0\u00a0\u00a0 &#8211; Charutos<br \/>\u00a0\u00a0\u00a0\u00a0\u00a0\u00a0 &#8211; Cigarros.<\/p><p><strong>CORES VIBRAT\u00d3RIAS<\/strong><br \/>\u00a0\u00a0\u00a0\u00a0\u00a0\u00a0 &#8211; Preto e vermelho (pode haver varia\u00e7\u00f5es)<\/p>\t\t\t\t\t\t\t\t<\/div>\n\t\t\t\t<\/div>\n\t\t\t\t\t<\/div>\n\t\t<\/div>\n\t\t\t\t\t<\/div>\n\t\t<\/section>\n\t\t\t\t\t<\/div>\n\t\t<\/div>\n\t\t\t\t\t<\/div>\n\t\t<\/section>\n\t\t\t\t<section class=\"elementor-section elementor-top-section elementor-element elementor-element-53b22cd elementor-section-boxed elementor-section-height-default elementor-section-height-default\" data-id=\"53b22cd\" data-element_type=\"section\">\n\t\t\t\t\t\t<div class=\"elementor-container elementor-column-gap-no\">\n\t\t\t\t\t<div class=\"elementor-column elementor-col-100 elementor-top-column elementor-element elementor-element-222931b\" data-id=\"222931b\" data-element_type=\"column\">\n\t\t\t<div class=\"elementor-widget-wrap elementor-element-populated\">\n\t\t\t\t\t\t<section class=\"elementor-section elementor-inner-section elementor-element elementor-element-1ddcd97 elementor-section-boxed elementor-section-height-default elementor-section-height-default\" data-id=\"1ddcd97\" data-element_type=\"section\">\n\t\t\t\t\t\t<div class=\"elementor-container elementor-column-gap-default\">\n\t\t\t\t\t<div class=\"elementor-column elementor-col-50 elementor-inner-column elementor-element elementor-element-ddc165e\" data-id=\"ddc165e\" data-element_type=\"column\">\n\t\t\t<div class=\"elementor-widget-wrap elementor-element-populated\">\n\t\t\t\t\t\t<div class=\"elementor-element elementor-element-02430f1 elementor-widget elementor-widget-heading\" data-id=\"02430f1\" data-element_type=\"widget\" data-widget_type=\"heading.default\">\n\t\t\t\t<div class=\"elementor-widget-container\">\n\t\t\t\t\t<h2 class=\"elementor-heading-title elementor-size-default\">EXU<\/h2>\t\t\t\t<\/div>\n\t\t\t\t<\/div>\n\t\t\t\t<div class=\"elementor-element elementor-element-34abd69 elementor-widget elementor-widget-image\" data-id=\"34abd69\" data-element_type=\"widget\" data-widget_type=\"image.default\">\n\t\t\t\t<div class=\"elementor-widget-container\">\n\t\t\t\t\t\t\t\t\t\t\t\t\t\t\t<img decoding=\"async\" width=\"800\" height=\"790\" src=\"https:\/\/wordpress.solutions.inf.br\/wp-content\/uploads\/2024\/03\/seu_joao.png\" class=\"attachment-large size-large wp-image-5062\" alt=\"\" \/>\t\t\t\t\t\t\t\t\t\t\t\t\t\t\t<\/div>\n\t\t\t\t<\/div>\n\t\t\t\t<div class=\"elementor-element elementor-element-be93f85 elementor-widget elementor-widget-text-editor\" data-id=\"be93f85\" data-element_type=\"widget\" data-widget_type=\"text-editor.default\">\n\t\t\t\t<div class=\"elementor-widget-container\">\n\t\t\t\t\t\t\t\t\t<p><em>For\u00e7a de viver, virilidade e justi\u00e7a. Sentidos associados a esta figura marcante em nossa religi\u00e3o. \u00c9 o guardi\u00e3o e protetor sempre presente nas nossas vidas.<\/em><\/p>\t\t\t\t\t\t\t\t<\/div>\n\t\t\t\t<\/div>\n\t\t\t\t<div class=\"elementor-element elementor-element-5b7fcf2 elementor-widget elementor-widget-image\" data-id=\"5b7fcf2\" data-element_type=\"widget\" data-widget_type=\"image.default\">\n\t\t\t\t<div class=\"elementor-widget-container\">\n\t\t\t\t\t\t\t\t\t\t\t\t\t\t\t<img decoding=\"async\" width=\"800\" height=\"793\" src=\"https:\/\/wordpress.solutions.inf.br\/wp-content\/uploads\/2024\/03\/exu.png\" class=\"attachment-large size-large wp-image-5049\" alt=\"\" \/>\t\t\t\t\t\t\t\t\t\t\t\t\t\t\t<\/div>\n\t\t\t\t<\/div>\n\t\t\t\t<div class=\"elementor-element elementor-element-edbeebb elementor-widget elementor-widget-text-editor\" data-id=\"edbeebb\" data-element_type=\"widget\" data-widget_type=\"text-editor.default\">\n\t\t\t\t<div class=\"elementor-widget-container\">\n\t\t\t\t\t\t\t\t\t<p>Dono dos caminhos, guardi\u00e3o do poder e do conhecimento que lhe permite manipular as energias do bem e do mal. Quando consultados, sem muitas delongas, usando de frases e analogias bem diretas, esta entidade aponta onde estamos errando e nos ajudam a enxergar os caminhos.<br \/>Sempre agindo conforme nossas vibra\u00e7\u00f5es. Se estamos vibrando no bem, ele vibrar\u00e1 no bem, se estamos no mal&#8230;<br \/>Exu \u00e9 protetor. Defende os terreiros de invas\u00e3o e ataques; guarda o templo preservando sua integridade, dos seus filhos e das pessoas que l\u00e1 est\u00e3o. Ele \u00e9 amigo, um irreverente conselheiro que atua de forma neutra, associando a &#8220;maldade&#8221; ou a &#8220;bondade&#8221; que est\u00e1 nas inten\u00e7\u00f5es das pessoas que o procuram.<br \/>Leal nos tratos, esta entidade se apresenta sempre pronta para ajudar e \u00e9 aconselh\u00e1vel que esta ajuda seja reconhecida por quem o procurou. Gosta de ganhar presentes e aprecia muito as coisas ligadas ao mundano como cigarros, charutos, bebidas etc..<br \/>\u00c9 companheiro. Aquele que nele acredita sabe que nunca est\u00e1 sozinho. Independente do lugar e em qual situa\u00e7\u00e3o que se encontra, pode contar com sua prote\u00e7\u00e3o. Se o sentimento de gratid\u00e3o e respeito existir, ele sempre estar\u00e1 pronto para te ajudar e fazer com que sua caminhada seja pr\u00f3spera e que o bem e a felicidade estejam a seu alcance, dependendo apenas de voc\u00ea. Salve nossos compadres!<\/p>\t\t\t\t\t\t\t\t<\/div>\n\t\t\t\t<\/div>\n\t\t\t\t\t<\/div>\n\t\t<\/div>\n\t\t\t\t<div class=\"elementor-column elementor-col-50 elementor-inner-column elementor-element elementor-element-d58afb7\" data-id=\"d58afb7\" data-element_type=\"column\">\n\t\t\t<div class=\"elementor-widget-wrap elementor-element-populated\">\n\t\t\t\t\t\t<div class=\"elementor-element elementor-element-8c6e977 elementor-widget elementor-widget-heading\" data-id=\"8c6e977\" data-element_type=\"widget\" data-widget_type=\"heading.default\">\n\t\t\t\t<div class=\"elementor-widget-container\">\n\t\t\t\t\t<h2 class=\"elementor-heading-title elementor-size-default\">POMBAGIRA<\/h2>\t\t\t\t<\/div>\n\t\t\t\t<\/div>\n\t\t\t\t<div class=\"elementor-element elementor-element-79d07a2 elementor-widget elementor-widget-image\" data-id=\"79d07a2\" data-element_type=\"widget\" data-widget_type=\"image.default\">\n\t\t\t\t<div class=\"elementor-widget-container\">\n\t\t\t\t\t\t\t\t\t\t\t\t\t\t\t<img loading=\"lazy\" decoding=\"async\" width=\"800\" height=\"801\" src=\"https:\/\/wordpress.solutions.inf.br\/wp-content\/uploads\/2024\/03\/pomba_gira.png\" class=\"attachment-large size-large wp-image-5050\" alt=\"\" \/>\t\t\t\t\t\t\t\t\t\t\t\t\t\t\t<\/div>\n\t\t\t\t<\/div>\n\t\t\t\t<div class=\"elementor-element elementor-element-45c289e elementor-widget elementor-widget-text-editor\" data-id=\"45c289e\" data-element_type=\"widget\" data-widget_type=\"text-editor.default\">\n\t\t\t\t<div class=\"elementor-widget-container\">\n\t\t\t\t\t\t\t\t\t<p>Cultuar Pomba Gira \u00e9 resgatar o mais sagrado feminino que existe. Significa honrar nossa hist\u00f3ria e a alma feminina que habita em cada um de n\u00f3s&#8221;.<\/p>\t\t\t\t\t\t\t\t<\/div>\n\t\t\t\t<\/div>\n\t\t\t\t<div class=\"elementor-element elementor-element-4ea08bd elementor-widget elementor-widget-image\" data-id=\"4ea08bd\" data-element_type=\"widget\" data-widget_type=\"image.default\">\n\t\t\t\t<div class=\"elementor-widget-container\">\n\t\t\t\t\t\t\t\t\t\t\t\t\t\t\t<img loading=\"lazy\" decoding=\"async\" width=\"564\" height=\"566\" src=\"https:\/\/wordpress.solutions.inf.br\/wp-content\/uploads\/2024\/03\/pomba_gira3.png\" class=\"attachment-large size-large wp-image-5114\" alt=\"\" \/>\t\t\t\t\t\t\t\t\t\t\t\t\t\t\t<\/div>\n\t\t\t\t<\/div>\n\t\t\t\t<div class=\"elementor-element elementor-element-88d92f0 elementor-widget elementor-widget-text-editor\" data-id=\"88d92f0\" data-element_type=\"widget\" data-widget_type=\"text-editor.default\">\n\t\t\t\t<div class=\"elementor-widget-container\">\n\t\t\t\t\t\t\t\t\t<p>Todos temas que envolvem pomba gira s\u00e3o, invariavelmente, carregados de paix\u00e3o e sensualidade. S\u00e1bia, ela traz consigo o arqu\u00e9tipo de mulher independente, forte e avessa \u00e0 pudic\u00edcia e demais conven\u00e7\u00f5es estabelecidas pela sociedade.<br \/>\u00c9 vista como a personifica\u00e7\u00e3o das for\u00e7as da natureza, que equivale \u00e0 for\u00e7a feminina de Exu. Com diversos tipos de diferentes manifesta\u00e7\u00f5es, sendo que, cada tipo de manifesta\u00e7\u00e3o trabalha uma quest\u00e3o espec\u00edfica relacionada \u00e0s mulheres. Por exemplo, a Pomba Gira Cigana manifesta as principais caracter\u00edsticas do povo cigano, ou seja, a liberdade e o desapego, encorajando, principalmente as mulheres, a serem o que elas quiserem ser.<br \/>Grandes conselheiras, dedicam seu trabalho para encantamentos e magias voltadas ao feminino. Muitos dos seus rituais envolvem amor, sexualidade, empoderamento e fortalecimento da for\u00e7a interior para lidar com as situa\u00e7\u00f5es da vida.<br \/>Falante e sedutora, Pomba Gira se apresente sempre com saias rodadas, blusas rendadas, colares e muitos enfeites. Ela vem para quebrar paradigmas, sendo um de muita relev\u00e2ncia na nossa religi\u00e3o foi se incorporar em m\u00e9diuns do sexo masculino, externando claramente suas caracter\u00edsticas f\u00edsicas, respeitando as limita\u00e7\u00f5es do corpo do m\u00e9dium que a recebe. Essa \u00e9 a Pomba Gira, tamb\u00e9m tratada carinhosamente de &#8220;Nossa Comadre&#8221;.<\/p>\t\t\t\t\t\t\t\t<\/div>\n\t\t\t\t<\/div>\n\t\t\t\t\t<\/div>\n\t\t<\/div>\n\t\t\t\t\t<\/div>\n\t\t<\/section>\n\t\t\t\t\t<\/div>\n\t\t<\/div>\n\t\t\t\t\t<\/div>\n\t\t<\/section>\n\t\t\t\t<\/div>\n\t\t","protected":false},"excerpt":{"rendered":"<p>EXU &amp; POMBAGIRA A express\u00e3o &#8220;Laroye, Exu&#8221;, originada da l\u00edngua Iorub\u00e1. Falada em pa\u00edses como Togo, Benim e Nig\u00e9ria, \u00e9 usada como sauda\u00e7\u00e3o cl\u00e1ssica para Exu e Pombagira e pode ser traduzida como &#8220;Salve, mensageiro&#8221;. A mais contradit\u00f3ria das linhas. \u00c9 composta por esp\u00edritos dos cidad\u00e3os que viveram \u00e0 margem da sociedade convencional e galgaram [&hellip;]<\/p>\n","protected":false},"author":1,"featured_media":0,"parent":0,"menu_order":0,"comment_status":"closed","ping_status":"closed","template":"","meta":{"footnotes":""},"class_list":["post-3445","page","type-page","status-publish","hentry"],"_links":{"self":[{"href":"https:\/\/wordpress.solutions.inf.br\/index.php?rest_route=\/wp\/v2\/pages\/3445","targetHints":{"allow":["GET"]}}],"collection":[{"href":"https:\/\/wordpress.solutions.inf.br\/index.php?rest_route=\/wp\/v2\/pages"}],"about":[{"href":"https:\/\/wordpress.solutions.inf.br\/index.php?rest_route=\/wp\/v2\/types\/page"}],"author":[{"embeddable":true,"href":"https:\/\/wordpress.solutions.inf.br\/index.php?rest_route=\/wp\/v2\/users\/1"}],"replies":[{"embeddable":true,"href":"https:\/\/wordpress.solutions.inf.br\/index.php?rest_route=%2Fwp%2Fv2%2Fcomments&post=3445"}],"version-history":[{"count":118,"href":"https:\/\/wordpress.solutions.inf.br\/index.php?rest_route=\/wp\/v2\/pages\/3445\/revisions"}],"predecessor-version":[{"id":5189,"href":"https:\/\/wordpress.solutions.inf.br\/index.php?rest_route=\/wp\/v2\/pages\/3445\/revisions\/5189"}],"wp:attachment":[{"href":"https:\/\/wordpress.solutions.inf.br\/index.php?rest_route=%2Fwp%2Fv2%2Fmedia&parent=3445"}],"curies":[{"name":"wp","href":"https:\/\/api.w.org\/{rel}","templated":true}]}}